{"id":1107,"date":"2019-06-27T14:20:24","date_gmt":"2019-06-27T12:20:24","guid":{"rendered":"https:\/\/www.rosaya.ee\/?page_id=1107"},"modified":"2021-07-19T12:13:56","modified_gmt":"2021-07-19T10:13:56","slug":"processing-of-personal-data","status":"publish","type":"page","link":"https:\/\/rosaya.ee\/en\/processing-of-personal-data\/","title":{"rendered":"Processing of Personal Data"},"content":{"rendered":"<p>E-shop rosaya.ee responsible processor of personal data is Rosaya O\u00dc registry code 14574615 location Arulaane, Kalita k\u00fcla, Saarde vald, P\u00e4rnumaa 86206, phone nr +372 5359 4334 and email <a href=\"mailto:info@rosaya.ee\">info@rosaya.org<\/a><\/p>\n<p>&nbsp;<\/p>\n<p><strong>WHICH PERSONAL DATA WILL BE PROCESSED<\/strong><\/p>\n<p>-name, phone number and email address<\/p>\n<p>-delivery address<\/p>\n<p>-bank account number<\/p>\n<p>-cost of goods and services and information relative to payments(shopping history)<\/p>\n<p>-customer support data<\/p>\n<p>&nbsp;<\/p>\n<p><strong>ON WHAT PURPOSE PERSONAL DATA WILL BE PROCESSED<\/strong><\/p>\n<p>Personal data is used to manage clients orders and deliver goods. Data of shopping history (date of the purchase, items, amounts, clients data) will used to put together overview of bought items and services and to analyze clients preferences. Bank account number will be used to return payments to client. Personal data such as email, phone nr, clients name, will be processed in order to solve issues about bought products or services (customer support). E-shop users IP-address or other web identifiers will be processed for e-shop as info society to provide service and to put together web usage statistics.<\/p>\n<p>&nbsp;<\/p>\n<p><strong>LEGAL GROUNDS<\/strong><\/p>\n<p>Processing of personal data will be performed in order to fulfill the goal set when signing a contract with the client. Processing of personal data will be performed in order to fulfill legal obligations (for example accounting and consumer dispute solution).<\/p>\n<p>&nbsp;<\/p>\n<p><strong>RECIEVERS, TO WHOM PERSONAL DATA WILL BE GIVEN<\/strong><\/p>\n<p>Personal data will be given to e-shop customer support to manage purchases and shoppin history and to resolve client problems. Name, phone nr and email address will be given to transport services selected by the client. If selected is home delivery then additional to contact information also clients address will be given. If e-shop accounting is performed by accounting services then personal data needed to perform accounting will be given to accounting services. Personal data nay be given to infotechology services provider if it is necessary to guarantee the functionality of the e-shop or data housing.<\/p>\n<p>&nbsp;<\/p>\n<p><strong>SAFETY AND ACCESS TO DATA<\/strong><\/p>\n<p>Personal data is kept is servers, that are located in European Union country or\u00a0 in the territory of a country that has joined European Union economy area. Data may be given to countries whos personal data protection level is judged to be enough by the European Comission and to USA companies who have joined the Privacy Shield. Access to personal data have e-shop workers who can see personal data in order to resolve technical issues relevant to using the e-shop and provide service to customer. E-shop uses necessary physical, organizational and infotechincal safety measures to protect personal data from random or illegal destruction, being lost, being changed or unallowed access or publication. Forwarding personal data to authorized employess (for example provider of transport services or data hosting) will be performed under contract signed between e-shop and authorize emplyees. Authorized employees are obligated to guarantee necessary measurements when processing personal data.<\/p>\n<p>&nbsp;<\/p>\n<p><strong>LOOKING INTO PERSONAL DATA AND CORRECTING THEM<\/strong><\/p>\n<p>Looking at personal data and correcting them can be done in e-shop users profile. If the purchase has been done without users account then you can look at personal data through customer support.<\/p>\n<p>&nbsp;<\/p>\n<p><strong>DECLINING AGREEMENT<\/strong><\/p>\n<p>If personal data processing is done on the grounds of clients agreement, then client has the right to decline the agreement or let customer services know about this via email info@rosaya.org<\/p>\n<p>&nbsp;<\/p>\n<p><strong>PRESERVING<\/strong><\/p>\n<p>When clients account in e-shop is closed then personal data will be deleted, unless the data is needed for accounting or resolving consumers disputes. If purchase in e-shop has been done without clients account then shopping history will be preserved for three years. Disputes about payments or consumer arguments personal data will be preserved until claim has been fulfilled or expiration date. Personal data needed for accounting will be preserved for seven years.<\/p>\n<p>&nbsp;<\/p>\n<p><strong>DELETING<\/strong><\/p>\n<p>In order to delete Personal data client must contact customer support via email <a href=\"mailto:info@rosaya.ee\">info@rosaya.org<\/a>. Application for deleting will be answered not later then within a one month and the period of deleting personal data will be specified.<\/p>\n<p>&nbsp;<\/p>\n<p><strong>TRANFERRING<\/strong><\/p>\n<p>Application for transferring personal data presented via email will be replied within one month. Customer support will identify person and let know of personal data to be transferred.<\/p>\n<p>&nbsp;<\/p>\n<p><strong>DIRECT MARKETING NOTIFICATIONS<\/strong><\/p>\n<p>Email address and phone nr are used to send direct marketing notifications, when client has given agreement to this. If client does not want to receive direct marketing notifications then client must choose required reference from bottom of email or contact customer support. If personal data is processed for direct marketing (profiling) then client has the right to present objections to personal data processing and profiling. Then customer support must\u00a0 be let know of this via email.<\/p>\n<p>&nbsp;<\/p>\n<p><strong>RESOLVING DISPUTES<\/strong><\/p>\n<p>Resolving of disputes concerning processing personal data will be performed via customer support mailto: <a href=\"mailto:info@rosaya.org\">info@rosaya.org<\/a><\/p>\n<p>Authority is Eesti Andmekaitse Inspektsioon (info@aki.ee).<\/p>\n","protected":false},"excerpt":{"rendered":"<p>E-shop rosaya.ee responsible processor of personal data is Rosaya O\u00dc registry code 14574615 location Arulaane, Kalita k\u00fcla, Saarde vald, P\u00e4rnumaa 86206, phone nr +372 5359 4334 and email info@rosaya.org &nbsp; WHICH PERSONAL DATA WILL BE PROCESSED -name, phone number and email address -delivery address -bank account number -cost of goods and services and information relative to payments(shopping history) -customer support data &nbsp; ON WHAT PURPOSE PERSONAL DATA WILL BE PROCESSED Personal data is used to manage clients orders and deliver [&hellip;]<\/p>\n","protected":false},"author":6,"featured_media":0,"parent":0,"menu_order":0,"comment_status":"closed","ping_status":"closed","template":"","meta":{"_seopress_robots_primary_cat":"","_seopress_titles_title":"","_seopress_titles_desc":"","_seopress_robots_index":"","_seopress_analysis_target_kw":"","_monsterinsights_skip_tracking":false,"_monsterinsights_sitenote_active":false,"_monsterinsights_sitenote_note":"","_monsterinsights_sitenote_category":0,"footnotes":""},"class_list":["post-1107","page","type-page","status-publish","hentry"],"acf":[],"yoast_head":"<!-- This site is optimized with the Yoast SEO plugin v26.8 - https:\/\/yoast.com\/product\/yoast-seo-wordpress\/ -->\n<title>Processing of Personal Data - Rosaya<\/title>\n<meta name=\"robots\" content=\"index, follow, max-snippet:-1, max-image-preview:large, max-video-preview:-1\" \/>\n<link rel=\"canonical\" href=\"https:\/\/rosaya.ee\/en\/processing-of-personal-data\/\" \/>\n<meta property=\"og:locale\" content=\"en_US\" \/>\n<meta property=\"og:type\" content=\"article\" \/>\n<meta property=\"og:title\" content=\"Processing of Personal Data - Rosaya\" \/>\n<meta property=\"og:description\" content=\"E-shop rosaya.ee responsible processor of personal data is Rosaya O\u00dc registry code 14574615 location Arulaane, Kalita k\u00fcla, Saarde vald, P\u00e4rnumaa 86206, phone nr +372 5359 4334 and email info@rosaya.org &nbsp; WHICH PERSONAL DATA WILL BE PROCESSED -name, phone number and email address -delivery address -bank account number -cost of goods and services and information relative to payments(shopping history) -customer support data &nbsp; ON WHAT PURPOSE PERSONAL DATA WILL BE PROCESSED Personal data is used to manage clients orders and deliver [&hellip;]\" \/>\n<meta property=\"og:url\" content=\"https:\/\/rosaya.ee\/en\/processing-of-personal-data\/\" \/>\n<meta property=\"og:site_name\" content=\"Rosaya\" \/>\n<meta property=\"article:modified_time\" content=\"2021-07-19T10:13:56+00:00\" \/>\n<meta property=\"og:image\" content=\"https:\/\/i0.wp.com\/rosaya.ee\/wp-content\/uploads\/2021\/01\/Rosaya_rooskiri_erkroosa.png?fit=1500%2C1500&ssl=1\" \/>\n\t<meta property=\"og:image:width\" content=\"1500\" \/>\n\t<meta property=\"og:image:height\" content=\"1500\" \/>\n\t<meta property=\"og:image:type\" content=\"image\/png\" \/>\n<meta name=\"twitter:card\" content=\"summary_large_image\" \/>\n<meta name=\"twitter:label1\" content=\"Est. reading time\" \/>\n\t<meta name=\"twitter:data1\" content=\"4 minutes\" \/>\n<script type=\"application\/ld+json\" class=\"yoast-schema-graph\">{\"@context\":\"https:\/\/schema.org\",\"@graph\":[{\"@type\":\"WebPage\",\"@id\":\"https:\/\/rosaya.ee\/en\/processing-of-personal-data\/\",\"url\":\"https:\/\/rosaya.ee\/en\/processing-of-personal-data\/\",\"name\":\"Processing of Personal Data - Rosaya\",\"isPartOf\":{\"@id\":\"https:\/\/rosaya.ee\/#website\"},\"datePublished\":\"2019-06-27T12:20:24+00:00\",\"dateModified\":\"2021-07-19T10:13:56+00:00\",\"breadcrumb\":{\"@id\":\"https:\/\/rosaya.ee\/en\/processing-of-personal-data\/#breadcrumb\"},\"inLanguage\":\"en-US\",\"potentialAction\":[{\"@type\":\"ReadAction\",\"target\":[\"https:\/\/rosaya.ee\/en\/processing-of-personal-data\/\"]}]},{\"@type\":\"BreadcrumbList\",\"@id\":\"https:\/\/rosaya.ee\/en\/processing-of-personal-data\/#breadcrumb\",\"itemListElement\":[{\"@type\":\"ListItem\",\"position\":1,\"name\":\"Home\",\"item\":\"https:\/\/rosaya.ee\/en\/\"},{\"@type\":\"ListItem\",\"position\":2,\"name\":\"Processing of Personal Data\"}]},{\"@type\":\"WebSite\",\"@id\":\"https:\/\/rosaya.ee\/#website\",\"url\":\"https:\/\/rosaya.ee\/\",\"name\":\"Rosaya\",\"description\":\"Roos hoolitseb Su ilu, hinge ja tervise eest!\",\"publisher\":{\"@id\":\"https:\/\/rosaya.ee\/#organization\"},\"potentialAction\":[{\"@type\":\"SearchAction\",\"target\":{\"@type\":\"EntryPoint\",\"urlTemplate\":\"https:\/\/rosaya.ee\/?s={search_term_string}\"},\"query-input\":{\"@type\":\"PropertyValueSpecification\",\"valueRequired\":true,\"valueName\":\"search_term_string\"}}],\"inLanguage\":\"en-US\"},{\"@type\":\"Organization\",\"@id\":\"https:\/\/rosaya.ee\/#organization\",\"name\":\"Rosaya\",\"url\":\"https:\/\/rosaya.ee\/\",\"logo\":{\"@type\":\"ImageObject\",\"inLanguage\":\"en-US\",\"@id\":\"https:\/\/rosaya.ee\/#\/schema\/logo\/image\/\",\"url\":\"https:\/\/i0.wp.com\/rosaya.ee\/wp-content\/uploads\/2019\/12\/cropped-Roos_450px.png?fit=200%2C143&ssl=1\",\"contentUrl\":\"https:\/\/i0.wp.com\/rosaya.ee\/wp-content\/uploads\/2019\/12\/cropped-Roos_450px.png?fit=200%2C143&ssl=1\",\"width\":200,\"height\":143,\"caption\":\"Rosaya\"},\"image\":{\"@id\":\"https:\/\/rosaya.ee\/#\/schema\/logo\/image\/\"}}]}<\/script>\n<!-- \/ Yoast SEO plugin. -->","yoast_head_json":{"title":"Processing of Personal Data - Rosaya","robots":{"index":"index","follow":"follow","max-snippet":"max-snippet:-1","max-image-preview":"max-image-preview:large","max-video-preview":"max-video-preview:-1"},"canonical":"https:\/\/rosaya.ee\/en\/processing-of-personal-data\/","og_locale":"en_US","og_type":"article","og_title":"Processing of Personal Data - Rosaya","og_description":"E-shop rosaya.ee responsible processor of personal data is Rosaya O\u00dc registry code 14574615 location Arulaane, Kalita k\u00fcla, Saarde vald, P\u00e4rnumaa 86206, phone nr +372 5359 4334 and email info@rosaya.org &nbsp; WHICH PERSONAL DATA WILL BE PROCESSED -name, phone number and email address -delivery address -bank account number -cost of goods and services and information relative to payments(shopping history) -customer support data &nbsp; ON WHAT PURPOSE PERSONAL DATA WILL BE PROCESSED Personal data is used to manage clients orders and deliver [&hellip;]","og_url":"https:\/\/rosaya.ee\/en\/processing-of-personal-data\/","og_site_name":"Rosaya","article_modified_time":"2021-07-19T10:13:56+00:00","og_image":[{"width":1500,"height":1500,"url":"https:\/\/i0.wp.com\/rosaya.ee\/wp-content\/uploads\/2021\/01\/Rosaya_rooskiri_erkroosa.png?fit=1500%2C1500&ssl=1","type":"image\/png"}],"twitter_card":"summary_large_image","twitter_misc":{"Est. reading time":"4 minutes"},"schema":{"@context":"https:\/\/schema.org","@graph":[{"@type":"WebPage","@id":"https:\/\/rosaya.ee\/en\/processing-of-personal-data\/","url":"https:\/\/rosaya.ee\/en\/processing-of-personal-data\/","name":"Processing of Personal Data - Rosaya","isPartOf":{"@id":"https:\/\/rosaya.ee\/#website"},"datePublished":"2019-06-27T12:20:24+00:00","dateModified":"2021-07-19T10:13:56+00:00","breadcrumb":{"@id":"https:\/\/rosaya.ee\/en\/processing-of-personal-data\/#breadcrumb"},"inLanguage":"en-US","potentialAction":[{"@type":"ReadAction","target":["https:\/\/rosaya.ee\/en\/processing-of-personal-data\/"]}]},{"@type":"BreadcrumbList","@id":"https:\/\/rosaya.ee\/en\/processing-of-personal-data\/#breadcrumb","itemListElement":[{"@type":"ListItem","position":1,"name":"Home","item":"https:\/\/rosaya.ee\/en\/"},{"@type":"ListItem","position":2,"name":"Processing of Personal Data"}]},{"@type":"WebSite","@id":"https:\/\/rosaya.ee\/#website","url":"https:\/\/rosaya.ee\/","name":"Rosaya","description":"Roos hoolitseb Su ilu, hinge ja tervise eest!","publisher":{"@id":"https:\/\/rosaya.ee\/#organization"},"potentialAction":[{"@type":"SearchAction","target":{"@type":"EntryPoint","urlTemplate":"https:\/\/rosaya.ee\/?s={search_term_string}"},"query-input":{"@type":"PropertyValueSpecification","valueRequired":true,"valueName":"search_term_string"}}],"inLanguage":"en-US"},{"@type":"Organization","@id":"https:\/\/rosaya.ee\/#organization","name":"Rosaya","url":"https:\/\/rosaya.ee\/","logo":{"@type":"ImageObject","inLanguage":"en-US","@id":"https:\/\/rosaya.ee\/#\/schema\/logo\/image\/","url":"https:\/\/i0.wp.com\/rosaya.ee\/wp-content\/uploads\/2019\/12\/cropped-Roos_450px.png?fit=200%2C143&ssl=1","contentUrl":"https:\/\/i0.wp.com\/rosaya.ee\/wp-content\/uploads\/2019\/12\/cropped-Roos_450px.png?fit=200%2C143&ssl=1","width":200,"height":143,"caption":"Rosaya"},"image":{"@id":"https:\/\/rosaya.ee\/#\/schema\/logo\/image\/"}}]}},"jetpack-related-posts":[{"id":740,"url":"https:\/\/rosaya.ee\/en\/sales-conditions\/","url_meta":{"origin":1107,"position":0},"title":"Sales Conditions","author":"Rosaya","date":"","format":false,"excerpt":"Sales Conditions E-shop rosaya.ee (from now on referred to as web shop) owner is ROSAYA O\u00dc (register code 14574615), Arulaane, Kalita k\u00fcla, Saarde vald, P\u00e4rnumaa 86206, Estonia General Conditions These general conditions apply to the legal relations created by the purchases made from rosaya.ee e-shop between e-shop rosaya.ee clients and\u2026","rel":"","context":"Similar post","block_context":{"text":"Similar post","link":""},"img":{"alt_text":"","src":"","width":0,"height":0},"classes":[]},{"id":8938,"url":"https:\/\/rosaya.ee\/refund_returns\/","url_meta":{"origin":1107,"position":1},"title":"Refund and Returns Policy","author":"","date":"","format":false,"excerpt":"This is a sample page. Overview Our refund and returns policy lasts 30 days. If 30 days have passed since your purchase, we can\u2019t offer you a full refund or exchange. To be eligible for a return, your item must be unused and in the same condition that you received\u2026","rel":"","context":"Similar post","block_context":{"text":"Similar post","link":""},"img":{"alt_text":"","src":"","width":0,"height":0},"classes":[]},{"id":1104,"url":"https:\/\/rosaya.ee\/isikuandmete-tootlemine\/","url_meta":{"origin":1107,"position":2},"title":"Isikuandmete t\u00f6\u00f6tlemine","author":"Rosaya","date":"","format":false,"excerpt":"\u00a0Veebipoe rosaya.ee isikuandmete vastutav t\u00f6\u00f6tleja on Rosaya O\u00dc registrikood 14574615 asukohaga Arulaane, Kalita k\u00fcla, Saarde vald, P\u00e4rnumaa 86206, tel +372 5359 4334 ja e-kiri info@rosaya.org Milliseid isikuandmeid t\u00f6\u00f6deldakse \u2212 nimi, telefoninumber ja e-posti aadress; \u2212 kauba kohaletoimetamise aadress; \u2212 pangakonto number; \u2212 kaupade ja teenuste maksumus ja maksetega seotud andmed\u2026","rel":"","context":"Similar post","block_context":{"text":"Similar post","link":""},"img":{"alt_text":"","src":"","width":0,"height":0},"classes":[]}],"jetpack_shortlink":"https:\/\/wp.me\/PaLZBo-hR","jetpack_likes_enabled":true,"jetpack_sharing_enabled":true,"_links":{"self":[{"href":"https:\/\/rosaya.ee\/en\/wp-json\/wp\/v2\/pages\/1107","targetHints":{"allow":["GET"]}}],"collection":[{"href":"https:\/\/rosaya.ee\/en\/wp-json\/wp\/v2\/pages"}],"about":[{"href":"https:\/\/rosaya.ee\/en\/wp-json\/wp\/v2\/types\/page"}],"author":[{"embeddable":true,"href":"https:\/\/rosaya.ee\/en\/wp-json\/wp\/v2\/users\/6"}],"replies":[{"embeddable":true,"href":"https:\/\/rosaya.ee\/en\/wp-json\/wp\/v2\/comments?post=1107"}],"version-history":[{"count":6,"href":"https:\/\/rosaya.ee\/en\/wp-json\/wp\/v2\/pages\/1107\/revisions"}],"predecessor-version":[{"id":8593,"href":"https:\/\/rosaya.ee\/en\/wp-json\/wp\/v2\/pages\/1107\/revisions\/8593"}],"wp:attachment":[{"href":"https:\/\/rosaya.ee\/en\/wp-json\/wp\/v2\/media?parent=1107"}],"curies":[{"name":"wp","href":"https:\/\/api.w.org\/{rel}","templated":true}]}}