{"id":622,"date":"2019-04-10T14:30:30","date_gmt":"2019-04-10T14:30:30","guid":{"rendered":"https:\/\/www.rosaya.ee\/shop\/"},"modified":"2022-06-13T17:51:41","modified_gmt":"2022-06-13T15:51:41","slug":"natural-cosmetics-skin-care-facial-care","status":"publish","type":"page","link":"https:\/\/rosaya.ee\/en\/","title":{"rendered":"Shop"},"content":{"rendered":"","protected":false},"excerpt":{"rendered":"","protected":false},"author":6,"featured_media":0,"parent":0,"menu_order":0,"comment_status":"closed","ping_status":"closed","template":"","meta":{"_seopress_robots_primary_cat":"","_seopress_titles_title":"","_seopress_titles_desc":"","_seopress_robots_index":"","_monsterinsights_skip_tracking":false,"_monsterinsights_sitenote_active":false,"_monsterinsights_sitenote_note":"","_monsterinsights_sitenote_category":0,"footnotes":""},"class_list":["post-622","page","type-page","status-publish","hentry"],"acf":[],"yoast_head":"<!-- This site is optimized with the Yoast SEO plugin v26.8 - https:\/\/yoast.com\/product\/yoast-seo-wordpress\/ -->\n<title>Rosaya e-Shop - Natural cosmetics - Skin care - Facial care<\/title>\n<meta name=\"description\" content=\"Rosaya Organic Rose Water is a universal skin care product. Rose water is gentle and suitable for all skin types, including sensitive skin.\" \/>\n<meta name=\"robots\" content=\"index, follow, max-snippet:-1, max-image-preview:large, max-video-preview:-1\" \/>\n<link rel=\"canonical\" href=\"https:\/\/rosaya.ee\/en\/\" \/>\n<meta property=\"og:locale\" content=\"en_US\" \/>\n<meta property=\"og:type\" content=\"article\" \/>\n<meta property=\"og:title\" content=\"Rosaya e-Shop - Natural cosmetics - Skin care - Facial care\" \/>\n<meta property=\"og:description\" content=\"Rosaya Organic Rose Water is a universal skin care product. Rose water is gentle and suitable for all skin types, including sensitive skin.\" \/>\n<meta property=\"og:url\" content=\"https:\/\/rosaya.ee\/en\/\" \/>\n<meta property=\"og:site_name\" content=\"Rosaya\" \/>\n<meta property=\"article:modified_time\" content=\"2022-06-13T15:51:41+00:00\" \/>\n<meta property=\"og:image\" content=\"https:\/\/i0.wp.com\/rosaya.ee\/wp-content\/uploads\/2021\/01\/Rosaya_rooskiri_erkroosa.png?fit=1500%2C1500&ssl=1\" \/>\n\t<meta property=\"og:image:width\" content=\"1500\" \/>\n\t<meta property=\"og:image:height\" content=\"1500\" \/>\n\t<meta property=\"og:image:type\" content=\"image\/png\" \/>\n<meta name=\"twitter:card\" content=\"summary_large_image\" \/>\n<script type=\"application\/ld+json\" class=\"yoast-schema-graph\">{\"@context\":\"https:\/\/schema.org\",\"@graph\":[{\"@type\":\"WebPage\",\"@id\":\"https:\/\/rosaya.ee\/en\/\",\"url\":\"https:\/\/rosaya.ee\/en\/\",\"name\":\"Rosaya e-Shop - Natural cosmetics - Skin care - Facial care\",\"isPartOf\":{\"@id\":\"https:\/\/rosaya.ee\/#website\"},\"datePublished\":\"2019-04-10T14:30:30+00:00\",\"dateModified\":\"2022-06-13T15:51:41+00:00\",\"description\":\"Rosaya Organic Rose Water is a universal skin care product. Rose water is gentle and suitable for all skin types, including sensitive skin.\",\"breadcrumb\":{\"@id\":\"https:\/\/rosaya.ee\/en\/#breadcrumb\"},\"inLanguage\":\"en-US\",\"potentialAction\":[{\"@type\":\"ReadAction\",\"target\":[\"https:\/\/rosaya.ee\/en\/\"]}]},{\"@type\":\"BreadcrumbList\",\"@id\":\"https:\/\/rosaya.ee\/en\/#breadcrumb\",\"itemListElement\":[{\"@type\":\"ListItem\",\"position\":1,\"name\":\"Home\",\"item\":\"https:\/\/rosaya.ee\/en\/\"},{\"@type\":\"ListItem\",\"position\":2,\"name\":\"Shop\"}]},{\"@type\":\"WebSite\",\"@id\":\"https:\/\/rosaya.ee\/#website\",\"url\":\"https:\/\/rosaya.ee\/\",\"name\":\"Rosaya\",\"description\":\"Roos hoolitseb Su ilu, hinge ja tervise eest!\",\"publisher\":{\"@id\":\"https:\/\/rosaya.ee\/#organization\"},\"potentialAction\":[{\"@type\":\"SearchAction\",\"target\":{\"@type\":\"EntryPoint\",\"urlTemplate\":\"https:\/\/rosaya.ee\/?s={search_term_string}\"},\"query-input\":{\"@type\":\"PropertyValueSpecification\",\"valueRequired\":true,\"valueName\":\"search_term_string\"}}],\"inLanguage\":\"en-US\"},{\"@type\":\"Organization\",\"@id\":\"https:\/\/rosaya.ee\/#organization\",\"name\":\"Rosaya\",\"url\":\"https:\/\/rosaya.ee\/\",\"logo\":{\"@type\":\"ImageObject\",\"inLanguage\":\"en-US\",\"@id\":\"https:\/\/rosaya.ee\/#\/schema\/logo\/image\/\",\"url\":\"https:\/\/i0.wp.com\/rosaya.ee\/wp-content\/uploads\/2019\/12\/cropped-Roos_450px.png?fit=200%2C143&ssl=1\",\"contentUrl\":\"https:\/\/i0.wp.com\/rosaya.ee\/wp-content\/uploads\/2019\/12\/cropped-Roos_450px.png?fit=200%2C143&ssl=1\",\"width\":200,\"height\":143,\"caption\":\"Rosaya\"},\"image\":{\"@id\":\"https:\/\/rosaya.ee\/#\/schema\/logo\/image\/\"}}]}<\/script>\n<!-- \/ Yoast SEO plugin. -->","yoast_head_json":{"title":"Rosaya e-Shop - Natural cosmetics - Skin care - Facial care","description":"Rosaya Organic Rose Water is a universal skin care product. Rose water is gentle and suitable for all skin types, including sensitive skin.","robots":{"index":"index","follow":"follow","max-snippet":"max-snippet:-1","max-image-preview":"max-image-preview:large","max-video-preview":"max-video-preview:-1"},"canonical":"https:\/\/rosaya.ee\/en\/","og_locale":"en_US","og_type":"article","og_title":"Rosaya e-Shop - Natural cosmetics - Skin care - Facial care","og_description":"Rosaya Organic Rose Water is a universal skin care product. Rose water is gentle and suitable for all skin types, including sensitive skin.","og_url":"https:\/\/rosaya.ee\/en\/","og_site_name":"Rosaya","article_modified_time":"2022-06-13T15:51:41+00:00","og_image":[{"width":1500,"height":1500,"url":"https:\/\/i0.wp.com\/rosaya.ee\/wp-content\/uploads\/2021\/01\/Rosaya_rooskiri_erkroosa.png?fit=1500%2C1500&ssl=1","type":"image\/png"}],"twitter_card":"summary_large_image","schema":{"@context":"https:\/\/schema.org","@graph":[{"@type":"WebPage","@id":"https:\/\/rosaya.ee\/en\/","url":"https:\/\/rosaya.ee\/en\/","name":"Rosaya e-Shop - Natural cosmetics - Skin care - Facial care","isPartOf":{"@id":"https:\/\/rosaya.ee\/#website"},"datePublished":"2019-04-10T14:30:30+00:00","dateModified":"2022-06-13T15:51:41+00:00","description":"Rosaya Organic Rose Water is a universal skin care product. Rose water is gentle and suitable for all skin types, including sensitive skin.","breadcrumb":{"@id":"https:\/\/rosaya.ee\/en\/#breadcrumb"},"inLanguage":"en-US","potentialAction":[{"@type":"ReadAction","target":["https:\/\/rosaya.ee\/en\/"]}]},{"@type":"BreadcrumbList","@id":"https:\/\/rosaya.ee\/en\/#breadcrumb","itemListElement":[{"@type":"ListItem","position":1,"name":"Home","item":"https:\/\/rosaya.ee\/en\/"},{"@type":"ListItem","position":2,"name":"Shop"}]},{"@type":"WebSite","@id":"https:\/\/rosaya.ee\/#website","url":"https:\/\/rosaya.ee\/","name":"Rosaya","description":"Roos hoolitseb Su ilu, hinge ja tervise eest!","publisher":{"@id":"https:\/\/rosaya.ee\/#organization"},"potentialAction":[{"@type":"SearchAction","target":{"@type":"EntryPoint","urlTemplate":"https:\/\/rosaya.ee\/?s={search_term_string}"},"query-input":{"@type":"PropertyValueSpecification","valueRequired":true,"valueName":"search_term_string"}}],"inLanguage":"en-US"},{"@type":"Organization","@id":"https:\/\/rosaya.ee\/#organization","name":"Rosaya","url":"https:\/\/rosaya.ee\/","logo":{"@type":"ImageObject","inLanguage":"en-US","@id":"https:\/\/rosaya.ee\/#\/schema\/logo\/image\/","url":"https:\/\/i0.wp.com\/rosaya.ee\/wp-content\/uploads\/2019\/12\/cropped-Roos_450px.png?fit=200%2C143&ssl=1","contentUrl":"https:\/\/i0.wp.com\/rosaya.ee\/wp-content\/uploads\/2019\/12\/cropped-Roos_450px.png?fit=200%2C143&ssl=1","width":200,"height":143,"caption":"Rosaya"},"image":{"@id":"https:\/\/rosaya.ee\/#\/schema\/logo\/image\/"}}]}},"jetpack-related-posts":[{"id":740,"url":"https:\/\/rosaya.ee\/en\/sales-conditions\/","url_meta":{"origin":622,"position":0},"title":"Sales Conditions","author":"Rosaya","date":"","format":false,"excerpt":"Sales Conditions E-shop rosaya.ee (from now on referred to as web shop) owner is ROSAYA O\u00dc (register code 14574615), Arulaane, Kalita k\u00fcla, Saarde vald, P\u00e4rnumaa 86206, Estonia General Conditions These general conditions apply to the legal relations created by the purchases made from rosaya.ee e-shop between e-shop rosaya.ee clients and\u2026","rel":"","context":"Similar post","block_context":{"text":"Similar post","link":""},"img":{"alt_text":"","src":"","width":0,"height":0},"classes":[]},{"id":1107,"url":"https:\/\/rosaya.ee\/en\/processing-of-personal-data\/","url_meta":{"origin":622,"position":1},"title":"Processing of Personal Data","author":"Rosaya","date":"","format":false,"excerpt":"E-shop rosaya.ee responsible processor of personal data is Rosaya O\u00dc registry code 14574615 location Arulaane, Kalita k\u00fcla, Saarde vald, P\u00e4rnumaa 86206, phone nr +372 5359 4334 and email info@rosaya.org \u00a0 WHICH PERSONAL DATA WILL BE PROCESSED -name, phone number and email address -delivery address -bank account number -cost of goods\u2026","rel":"","context":"Similar post","block_context":{"text":"Similar post","link":""},"img":{"alt_text":"","src":"","width":0,"height":0},"classes":[]}],"jetpack_shortlink":"https:\/\/wp.me\/PaLZBo-a2","jetpack_likes_enabled":true,"jetpack_sharing_enabled":true,"_links":{"self":[{"href":"https:\/\/rosaya.ee\/en\/wp-json\/wp\/v2\/pages\/622","targetHints":{"allow":["GET"]}}],"collection":[{"href":"https:\/\/rosaya.ee\/en\/wp-json\/wp\/v2\/pages"}],"about":[{"href":"https:\/\/rosaya.ee\/en\/wp-json\/wp\/v2\/types\/page"}],"author":[{"embeddable":true,"href":"https:\/\/rosaya.ee\/en\/wp-json\/wp\/v2\/users\/6"}],"replies":[{"embeddable":true,"href":"https:\/\/rosaya.ee\/en\/wp-json\/wp\/v2\/comments?post=622"}],"version-history":[{"count":2,"href":"https:\/\/rosaya.ee\/en\/wp-json\/wp\/v2\/pages\/622\/revisions"}],"predecessor-version":[{"id":9159,"href":"https:\/\/rosaya.ee\/en\/wp-json\/wp\/v2\/pages\/622\/revisions\/9159"}],"wp:attachment":[{"href":"https:\/\/rosaya.ee\/en\/wp-json\/wp\/v2\/media?parent=622"}],"curies":[{"name":"wp","href":"https:\/\/api.w.org\/{rel}","templated":true}]}}