{"id":676,"date":"2019-04-11T09:34:41","date_gmt":"2019-04-11T09:34:41","guid":{"rendered":"https:\/\/www.rosaya.ee\/cart\/"},"modified":"2021-02-20T11:46:48","modified_gmt":"2021-02-20T09:46:48","slug":"cart","status":"publish","type":"page","link":"https:\/\/rosaya.ee\/en\/cart\/","title":{"rendered":"Cart"},"content":{"rendered":"\n","protected":false},"excerpt":{"rendered":"","protected":false},"author":6,"featured_media":8044,"parent":0,"menu_order":0,"comment_status":"closed","ping_status":"closed","template":"","meta":{"_seopress_robots_primary_cat":"","_seopress_titles_title":"","_seopress_titles_desc":"","_seopress_robots_index":"","_monsterinsights_skip_tracking":false,"_monsterinsights_sitenote_active":false,"_monsterinsights_sitenote_note":"","_monsterinsights_sitenote_category":0,"footnotes":""},"class_list":["post-676","page","type-page","status-publish","has-post-thumbnail","hentry"],"acf":[],"yoast_head":"<!-- This site is optimized with the Yoast SEO plugin v26.8 - https:\/\/yoast.com\/product\/yoast-seo-wordpress\/ -->\n<title>Cart - Rosaya<\/title>\n<meta name=\"robots\" content=\"index, follow, max-snippet:-1, max-image-preview:large, max-video-preview:-1\" \/>\n<link rel=\"canonical\" href=\"https:\/\/rosaya.ee\/en\/cart\/\" \/>\n<meta property=\"og:locale\" content=\"en_US\" \/>\n<meta property=\"og:type\" content=\"article\" \/>\n<meta property=\"og:title\" content=\"Cart - Rosaya\" \/>\n<meta property=\"og:url\" content=\"https:\/\/rosaya.ee\/en\/cart\/\" \/>\n<meta property=\"og:site_name\" content=\"Rosaya\" \/>\n<meta property=\"article:modified_time\" content=\"2021-02-20T09:46:48+00:00\" \/>\n<meta property=\"og:image\" content=\"https:\/\/rosaya.ee\/wp-content\/uploads\/2021\/02\/20190521_105843.jpg\" \/>\n\t<meta property=\"og:image:width\" content=\"2560\" \/>\n\t<meta property=\"og:image:height\" content=\"1440\" \/>\n\t<meta property=\"og:image:type\" content=\"image\/jpeg\" \/>\n<meta name=\"twitter:card\" content=\"summary_large_image\" \/>\n<script type=\"application\/ld+json\" class=\"yoast-schema-graph\">{\"@context\":\"https:\/\/schema.org\",\"@graph\":[{\"@type\":\"WebPage\",\"@id\":\"https:\/\/rosaya.ee\/en\/cart\/\",\"url\":\"https:\/\/rosaya.ee\/en\/cart\/\",\"name\":\"Cart - Rosaya\",\"isPartOf\":{\"@id\":\"https:\/\/rosaya.ee\/#website\"},\"primaryImageOfPage\":{\"@id\":\"https:\/\/rosaya.ee\/en\/cart\/#primaryimage\"},\"image\":{\"@id\":\"https:\/\/rosaya.ee\/en\/cart\/#primaryimage\"},\"thumbnailUrl\":\"https:\/\/i0.wp.com\/rosaya.ee\/wp-content\/uploads\/2021\/02\/20190521_105843.jpg?fit=2560%2C1440&ssl=1\",\"datePublished\":\"2019-04-11T09:34:41+00:00\",\"dateModified\":\"2021-02-20T09:46:48+00:00\",\"breadcrumb\":{\"@id\":\"https:\/\/rosaya.ee\/en\/cart\/#breadcrumb\"},\"inLanguage\":\"en-US\",\"potentialAction\":[{\"@type\":\"ReadAction\",\"target\":[\"https:\/\/rosaya.ee\/en\/cart\/\"]}]},{\"@type\":\"ImageObject\",\"inLanguage\":\"en-US\",\"@id\":\"https:\/\/rosaya.ee\/en\/cart\/#primaryimage\",\"url\":\"https:\/\/i0.wp.com\/rosaya.ee\/wp-content\/uploads\/2021\/02\/20190521_105843.jpg?fit=2560%2C1440&ssl=1\",\"contentUrl\":\"https:\/\/i0.wp.com\/rosaya.ee\/wp-content\/uploads\/2021\/02\/20190521_105843.jpg?fit=2560%2C1440&ssl=1\",\"width\":2560,\"height\":1440,\"caption\":\"Rosa Damascena\"},{\"@type\":\"BreadcrumbList\",\"@id\":\"https:\/\/rosaya.ee\/en\/cart\/#breadcrumb\",\"itemListElement\":[{\"@type\":\"ListItem\",\"position\":1,\"name\":\"Home\",\"item\":\"https:\/\/rosaya.ee\/en\/\"},{\"@type\":\"ListItem\",\"position\":2,\"name\":\"Cart\"}]},{\"@type\":\"WebSite\",\"@id\":\"https:\/\/rosaya.ee\/#website\",\"url\":\"https:\/\/rosaya.ee\/\",\"name\":\"Rosaya\",\"description\":\"Roos hoolitseb Su ilu, hinge ja tervise eest!\",\"publisher\":{\"@id\":\"https:\/\/rosaya.ee\/#organization\"},\"potentialAction\":[{\"@type\":\"SearchAction\",\"target\":{\"@type\":\"EntryPoint\",\"urlTemplate\":\"https:\/\/rosaya.ee\/?s={search_term_string}\"},\"query-input\":{\"@type\":\"PropertyValueSpecification\",\"valueRequired\":true,\"valueName\":\"search_term_string\"}}],\"inLanguage\":\"en-US\"},{\"@type\":\"Organization\",\"@id\":\"https:\/\/rosaya.ee\/#organization\",\"name\":\"Rosaya\",\"url\":\"https:\/\/rosaya.ee\/\",\"logo\":{\"@type\":\"ImageObject\",\"inLanguage\":\"en-US\",\"@id\":\"https:\/\/rosaya.ee\/#\/schema\/logo\/image\/\",\"url\":\"https:\/\/i0.wp.com\/rosaya.ee\/wp-content\/uploads\/2019\/12\/cropped-Roos_450px.png?fit=200%2C143&ssl=1\",\"contentUrl\":\"https:\/\/i0.wp.com\/rosaya.ee\/wp-content\/uploads\/2019\/12\/cropped-Roos_450px.png?fit=200%2C143&ssl=1\",\"width\":200,\"height\":143,\"caption\":\"Rosaya\"},\"image\":{\"@id\":\"https:\/\/rosaya.ee\/#\/schema\/logo\/image\/\"}}]}<\/script>\n<!-- \/ Yoast SEO plugin. -->","yoast_head_json":{"title":"Cart - Rosaya","robots":{"index":"index","follow":"follow","max-snippet":"max-snippet:-1","max-image-preview":"max-image-preview:large","max-video-preview":"max-video-preview:-1"},"canonical":"https:\/\/rosaya.ee\/en\/cart\/","og_locale":"en_US","og_type":"article","og_title":"Cart - Rosaya","og_url":"https:\/\/rosaya.ee\/en\/cart\/","og_site_name":"Rosaya","article_modified_time":"2021-02-20T09:46:48+00:00","og_image":[{"width":2560,"height":1440,"url":"https:\/\/rosaya.ee\/wp-content\/uploads\/2021\/02\/20190521_105843.jpg","type":"image\/jpeg"}],"twitter_card":"summary_large_image","schema":{"@context":"https:\/\/schema.org","@graph":[{"@type":"WebPage","@id":"https:\/\/rosaya.ee\/en\/cart\/","url":"https:\/\/rosaya.ee\/en\/cart\/","name":"Cart - Rosaya","isPartOf":{"@id":"https:\/\/rosaya.ee\/#website"},"primaryImageOfPage":{"@id":"https:\/\/rosaya.ee\/en\/cart\/#primaryimage"},"image":{"@id":"https:\/\/rosaya.ee\/en\/cart\/#primaryimage"},"thumbnailUrl":"https:\/\/i0.wp.com\/rosaya.ee\/wp-content\/uploads\/2021\/02\/20190521_105843.jpg?fit=2560%2C1440&ssl=1","datePublished":"2019-04-11T09:34:41+00:00","dateModified":"2021-02-20T09:46:48+00:00","breadcrumb":{"@id":"https:\/\/rosaya.ee\/en\/cart\/#breadcrumb"},"inLanguage":"en-US","potentialAction":[{"@type":"ReadAction","target":["https:\/\/rosaya.ee\/en\/cart\/"]}]},{"@type":"ImageObject","inLanguage":"en-US","@id":"https:\/\/rosaya.ee\/en\/cart\/#primaryimage","url":"https:\/\/i0.wp.com\/rosaya.ee\/wp-content\/uploads\/2021\/02\/20190521_105843.jpg?fit=2560%2C1440&ssl=1","contentUrl":"https:\/\/i0.wp.com\/rosaya.ee\/wp-content\/uploads\/2021\/02\/20190521_105843.jpg?fit=2560%2C1440&ssl=1","width":2560,"height":1440,"caption":"Rosa Damascena"},{"@type":"BreadcrumbList","@id":"https:\/\/rosaya.ee\/en\/cart\/#breadcrumb","itemListElement":[{"@type":"ListItem","position":1,"name":"Home","item":"https:\/\/rosaya.ee\/en\/"},{"@type":"ListItem","position":2,"name":"Cart"}]},{"@type":"WebSite","@id":"https:\/\/rosaya.ee\/#website","url":"https:\/\/rosaya.ee\/","name":"Rosaya","description":"Roos hoolitseb Su ilu, hinge ja tervise eest!","publisher":{"@id":"https:\/\/rosaya.ee\/#organization"},"potentialAction":[{"@type":"SearchAction","target":{"@type":"EntryPoint","urlTemplate":"https:\/\/rosaya.ee\/?s={search_term_string}"},"query-input":{"@type":"PropertyValueSpecification","valueRequired":true,"valueName":"search_term_string"}}],"inLanguage":"en-US"},{"@type":"Organization","@id":"https:\/\/rosaya.ee\/#organization","name":"Rosaya","url":"https:\/\/rosaya.ee\/","logo":{"@type":"ImageObject","inLanguage":"en-US","@id":"https:\/\/rosaya.ee\/#\/schema\/logo\/image\/","url":"https:\/\/i0.wp.com\/rosaya.ee\/wp-content\/uploads\/2019\/12\/cropped-Roos_450px.png?fit=200%2C143&ssl=1","contentUrl":"https:\/\/i0.wp.com\/rosaya.ee\/wp-content\/uploads\/2019\/12\/cropped-Roos_450px.png?fit=200%2C143&ssl=1","width":200,"height":143,"caption":"Rosaya"},"image":{"@id":"https:\/\/rosaya.ee\/#\/schema\/logo\/image\/"}}]}},"jetpack-related-posts":[{"id":740,"url":"https:\/\/rosaya.ee\/en\/sales-conditions\/","url_meta":{"origin":676,"position":0},"title":"Sales Conditions","author":"Rosaya","date":"","format":false,"excerpt":"Sales Conditions E-shop rosaya.ee (from now on referred to as web shop) owner is ROSAYA O\u00dc (register code 14574615), Arulaane, Kalita k\u00fcla, Saarde vald, P\u00e4rnumaa 86206, Estonia General Conditions These general conditions apply to the legal relations created by the purchases made from rosaya.ee e-shop between e-shop rosaya.ee clients and\u2026","rel":"","context":"Similar post","block_context":{"text":"Similar post","link":""},"img":{"alt_text":"","src":"","width":0,"height":0},"classes":[]}],"jetpack_shortlink":"https:\/\/wp.me\/PaLZBo-aU","jetpack_likes_enabled":true,"jetpack_sharing_enabled":true,"_links":{"self":[{"href":"https:\/\/rosaya.ee\/en\/wp-json\/wp\/v2\/pages\/676","targetHints":{"allow":["GET"]}}],"collection":[{"href":"https:\/\/rosaya.ee\/en\/wp-json\/wp\/v2\/pages"}],"about":[{"href":"https:\/\/rosaya.ee\/en\/wp-json\/wp\/v2\/types\/page"}],"author":[{"embeddable":true,"href":"https:\/\/rosaya.ee\/en\/wp-json\/wp\/v2\/users\/6"}],"replies":[{"embeddable":true,"href":"https:\/\/rosaya.ee\/en\/wp-json\/wp\/v2\/comments?post=676"}],"version-history":[{"count":1,"href":"https:\/\/rosaya.ee\/en\/wp-json\/wp\/v2\/pages\/676\/revisions"}],"predecessor-version":[{"id":8170,"href":"https:\/\/rosaya.ee\/en\/wp-json\/wp\/v2\/pages\/676\/revisions\/8170"}],"wp:featuredmedia":[{"embeddable":true,"href":"https:\/\/rosaya.ee\/en\/wp-json\/wp\/v2\/media\/8044"}],"wp:attachment":[{"href":"https:\/\/rosaya.ee\/en\/wp-json\/wp\/v2\/media?parent=676"}],"curies":[{"name":"wp","href":"https:\/\/api.w.org\/{rel}","templated":true}]}}