{"id":7575,"date":"2020-12-07T12:13:23","date_gmt":"2020-12-07T10:13:23","guid":{"rendered":"https:\/\/rosaya.ee\/product\/rosaya-alumiiniumivaba-deodorant-rose-citrus-30-ml\/"},"modified":"2024-04-09T11:52:05","modified_gmt":"2024-04-09T09:52:05","slug":"natural-deodorant-rose-citrus-30ml","status":"publish","type":"product","link":"https:\/\/rosaya.ee\/en\/e-pood-looduskosmeetika-nahahooldus-juuksehooldus\/cosmetics-en\/natural-deodorant-rose-citrus-30ml\/","title":{"rendered":"Natural deodorant &#8220;ROSE &#038; CITRUS&#8221; 30ml"},"content":{"rendered":"<h4><span style=\"color: #ff99cc;\"><strong>Usage<\/strong><\/span><\/h4>\n<p>Our good natural deodorant will last for two months if used daily. Right after washing when your skin is still wet, massage a small amount of Rosaya cream aluminium-free deodorant under your armpits. Wash your fingers.<\/p>\n<p>The rule for using Rosaya deodorant is: less is more. If the armpit remains greasy, the amount was too big. It causes a shorter impact time and a thick unabsorbed layer on the skin may stain clothes.<\/p>\n<h4><span style=\"color: #ff99cc;\"><strong>Safety and storage<\/strong><\/span><\/h4>\n<p>Only for exterior use and has to be kept away from children. The temperature of a suitable place has to remain below 25 \u00b0C.<\/p>\n<p>When your razor is not very sharp, it causes small wounds under your armpits and then our excellent natural deodorant may irritate your skin. Allow yourself a high quality razor experience and allergy-free life.<\/p>\n<p>&nbsp;<\/p>\n<p><strong>INCI:<\/strong> Tapioca Starch, Cocos Nucifera Oil (Coconut), Butyrospermum Parkii (Shea) Butter, Sodium Bicarbonate, Avena Sativa (Oat) Kernel Oil, Kaolin, Simmondsia Chinensis (Jojoba) Seed Oil, Tocopherol (Vitamin E), Rosa Damascena<br \/>\nFlower Oil, Citrus Limon Peel Oil, Citrus Aurantifolia Peel Oil, d-Limonene*, Citronellol*, Linalol*, Citral* Geraniol*<\/p>\n<p>*Included in natural essential oils<\/p>\n<p style=\"text-align: center;\"><span style=\"color: #ff99cc;\"><a style=\"color: #ff99cc;\" href=\"https:\/\/rosaya.ee\/en\/product\/gift-set-rosayas-princess-special\/\">Check out here the seductive gift set with our natural deodorant<\/a><\/span><\/p>\n","protected":false},"excerpt":{"rendered":"<h3><span style=\"color: #ff99cc;\">Rosaya Natural Creamdeodorant\u00a0<\/span><\/h3>\n<p>&nbsp;<\/p>\n<p>The genuine natural aluminium-free Rosaya deodorant neutralises bacteria caused due to sweating without any harm to you. For the entire day.<\/p>\n<p>In addition, your armpits remain nice and soft and you start feeling yourself prettier by every day.<\/p>\n<p>Your new favourite has a genuinely female fragrance and is in a luxurious engraved aluminium box.<\/p>\n<ul>\n<li>Neutralises the sweating odours<\/li>\n<li>Moisturizing<\/li>\n<li>Chemical-free<\/li>\n<li>100% natural<\/li>\n<li>Vegan<\/li>\n<li>Reusable package<\/li>\n<li>With organic rose oil<\/li>\n<li>Invigorating and exhilarating fragrance<\/li>\n<\/ul>\n<h4><span style=\"color: #ff99cc;\"><strong>Fragrance<\/strong><\/span><\/h4>\n<p>Happily greeting shaking freshness of the citrus fades slowly into slightly spicy and softly sweet caresses, creating a fresh and fascinating rose garden decorated with morning dew drops.<\/p>\n<p>You are standing in the magic rose garden and feel the light warm breeze bring you the green sharpness of wild plants growing on the edge of the ditch and the ripe honey-like notes of orchards.<\/p>\n<p>The most unique shade of the fragrance is added to our natural deodorant by your body.<\/p>\n<p>This product complies well with Rosaya organic rose oil. The users say that this legendary rose oil is the best natural antidepressant, creates good mood and passion and intensifies pleasure. Many women have said that they receive more complements if they use Rosaya rose oil.<\/p>\n","protected":false},"featured_media":7733,"comment_status":"open","ping_status":"closed","template":"","meta":{"_seopress_robots_primary_cat":"none","_seopress_titles_title":"","_seopress_titles_desc":"","_seopress_robots_index":"","_monsterinsights_skip_tracking":false,"_monsterinsights_sitenote_active":false,"_monsterinsights_sitenote_note":"","_monsterinsights_sitenote_category":0},"product_brand":[],"product_cat":[140],"product_tag":[],"class_list":{"0":"post-7575","1":"product","2":"type-product","3":"status-publish","4":"has-post-thumbnail","6":"product_cat-cosmetics-en","8":"first","9":"outofstock","10":"purchasable","11":"product-type-simple"},"acf":[],"yoast_head":"<!-- This site is optimized with the Yoast SEO plugin v26.8 - https:\/\/yoast.com\/product\/yoast-seo-wordpress\/ -->\n<title>Natural deodorant &quot;ROSE &amp; CITRUS&quot; 30ml<\/title>\n<meta name=\"description\" content=\"We have made a natural deodorant for You with a nice soft creamy composition. The delicate cent of rose and citruses will stay with you all day long!\" \/>\n<meta name=\"robots\" content=\"index, follow, max-snippet:-1, max-image-preview:large, max-video-preview:-1\" \/>\n<link rel=\"canonical\" href=\"https:\/\/rosaya.ee\/en\/e-pood-looduskosmeetika-nahahooldus-juuksehooldus\/cosmetics-en\/natural-deodorant-rose-citrus-30ml\/\" \/>\n<meta property=\"og:locale\" content=\"en_US\" \/>\n<meta property=\"og:type\" content=\"article\" \/>\n<meta property=\"og:title\" content=\"Natural Deodorant &quot;Rose &amp; Citrus&quot; 30ml Aluminium free!\" \/>\n<meta property=\"og:description\" content=\"We have made a natural deodorant for You with a nice soft creamy composition. The delicate cent of rose and citruses will stay with you all day long!\" \/>\n<meta property=\"og:url\" content=\"https:\/\/rosaya.ee\/en\/e-pood-looduskosmeetika-nahahooldus-juuksehooldus\/cosmetics-en\/natural-deodorant-rose-citrus-30ml\/\" \/>\n<meta property=\"og:site_name\" content=\"Rosaya\" \/>\n<meta property=\"article:modified_time\" content=\"2024-04-09T09:52:05+00:00\" \/>\n<meta property=\"og:image\" content=\"https:\/\/rosaya.ee\/wp-content\/uploads\/2020\/12\/deodorant-mustal.jpg\" \/>\n\t<meta property=\"og:image:width\" content=\"2111\" \/>\n\t<meta property=\"og:image:height\" content=\"2111\" \/>\n\t<meta property=\"og:image:type\" content=\"image\/jpeg\" \/>\n<meta name=\"twitter:card\" content=\"summary_large_image\" \/>\n<meta name=\"twitter:label1\" content=\"Est. reading time\" \/>\n\t<meta name=\"twitter:data1\" content=\"1 minute\" \/>\n<script type=\"application\/ld+json\" class=\"yoast-schema-graph\">{\"@context\":\"https:\/\/schema.org\",\"@graph\":[{\"@type\":\"WebPage\",\"@id\":\"https:\/\/rosaya.ee\/en\/e-pood-looduskosmeetika-nahahooldus-juuksehooldus\/cosmetics-en\/natural-deodorant-rose-citrus-30ml\/\",\"url\":\"https:\/\/rosaya.ee\/en\/e-pood-looduskosmeetika-nahahooldus-juuksehooldus\/cosmetics-en\/natural-deodorant-rose-citrus-30ml\/\",\"name\":\"Natural deodorant \\\"ROSE & CITRUS\\\" 30ml\",\"isPartOf\":{\"@id\":\"https:\/\/rosaya.ee\/#website\"},\"primaryImageOfPage\":{\"@id\":\"https:\/\/rosaya.ee\/en\/e-pood-looduskosmeetika-nahahooldus-juuksehooldus\/cosmetics-en\/natural-deodorant-rose-citrus-30ml\/#primaryimage\"},\"image\":{\"@id\":\"https:\/\/rosaya.ee\/en\/e-pood-looduskosmeetika-nahahooldus-juuksehooldus\/cosmetics-en\/natural-deodorant-rose-citrus-30ml\/#primaryimage\"},\"thumbnailUrl\":\"https:\/\/i0.wp.com\/rosaya.ee\/wp-content\/uploads\/2020\/12\/rosaya-kreemdeodorant.png?fit=1024%2C1024&ssl=1\",\"datePublished\":\"2020-12-07T10:13:23+00:00\",\"dateModified\":\"2024-04-09T09:52:05+00:00\",\"description\":\"We have made a natural deodorant for You with a nice soft creamy composition. The delicate cent of rose and citruses will stay with you all day long!\",\"breadcrumb\":{\"@id\":\"https:\/\/rosaya.ee\/en\/e-pood-looduskosmeetika-nahahooldus-juuksehooldus\/cosmetics-en\/natural-deodorant-rose-citrus-30ml\/#breadcrumb\"},\"inLanguage\":\"en-US\",\"potentialAction\":[{\"@type\":\"ReadAction\",\"target\":[\"https:\/\/rosaya.ee\/en\/e-pood-looduskosmeetika-nahahooldus-juuksehooldus\/cosmetics-en\/natural-deodorant-rose-citrus-30ml\/\"]}]},{\"@type\":\"ImageObject\",\"inLanguage\":\"en-US\",\"@id\":\"https:\/\/rosaya.ee\/en\/e-pood-looduskosmeetika-nahahooldus-juuksehooldus\/cosmetics-en\/natural-deodorant-rose-citrus-30ml\/#primaryimage\",\"url\":\"https:\/\/i0.wp.com\/rosaya.ee\/wp-content\/uploads\/2020\/12\/rosaya-kreemdeodorant.png?fit=1024%2C1024&ssl=1\",\"contentUrl\":\"https:\/\/i0.wp.com\/rosaya.ee\/wp-content\/uploads\/2020\/12\/rosaya-kreemdeodorant.png?fit=1024%2C1024&ssl=1\",\"width\":1024,\"height\":1024,\"caption\":\"Looduslik deodorant Rose & Citrus 30ml-alumiiniumi vaba; Natural deodorant, aluminium free.\"},{\"@type\":\"BreadcrumbList\",\"@id\":\"https:\/\/rosaya.ee\/en\/e-pood-looduskosmeetika-nahahooldus-juuksehooldus\/cosmetics-en\/natural-deodorant-rose-citrus-30ml\/#breadcrumb\",\"itemListElement\":[{\"@type\":\"ListItem\",\"position\":1,\"name\":\"Home\",\"item\":\"https:\/\/rosaya.ee\/en\/\"},{\"@type\":\"ListItem\",\"position\":2,\"name\":\"Pood\",\"item\":\"https:\/\/rosaya.ee\/\"},{\"@type\":\"ListItem\",\"position\":3,\"name\":\"Natural deodorant &#8220;ROSE &#038; CITRUS&#8221; 30ml\"}]},{\"@type\":\"WebSite\",\"@id\":\"https:\/\/rosaya.ee\/#website\",\"url\":\"https:\/\/rosaya.ee\/\",\"name\":\"Rosaya\",\"description\":\"Roos hoolitseb Su ilu, hinge ja tervise eest!\",\"publisher\":{\"@id\":\"https:\/\/rosaya.ee\/#organization\"},\"potentialAction\":[{\"@type\":\"SearchAction\",\"target\":{\"@type\":\"EntryPoint\",\"urlTemplate\":\"https:\/\/rosaya.ee\/?s={search_term_string}\"},\"query-input\":{\"@type\":\"PropertyValueSpecification\",\"valueRequired\":true,\"valueName\":\"search_term_string\"}}],\"inLanguage\":\"en-US\"},{\"@type\":\"Organization\",\"@id\":\"https:\/\/rosaya.ee\/#organization\",\"name\":\"Rosaya\",\"url\":\"https:\/\/rosaya.ee\/\",\"logo\":{\"@type\":\"ImageObject\",\"inLanguage\":\"en-US\",\"@id\":\"https:\/\/rosaya.ee\/#\/schema\/logo\/image\/\",\"url\":\"https:\/\/i0.wp.com\/rosaya.ee\/wp-content\/uploads\/2019\/12\/cropped-Roos_450px.png?fit=200%2C143&ssl=1\",\"contentUrl\":\"https:\/\/i0.wp.com\/rosaya.ee\/wp-content\/uploads\/2019\/12\/cropped-Roos_450px.png?fit=200%2C143&ssl=1\",\"width\":200,\"height\":143,\"caption\":\"Rosaya\"},\"image\":{\"@id\":\"https:\/\/rosaya.ee\/#\/schema\/logo\/image\/\"}}]}<\/script>\n<!-- \/ Yoast SEO plugin. -->","yoast_head_json":{"title":"Natural deodorant \"ROSE & CITRUS\" 30ml","description":"We have made a natural deodorant for You with a nice soft creamy composition. The delicate cent of rose and citruses will stay with you all day long!","robots":{"index":"index","follow":"follow","max-snippet":"max-snippet:-1","max-image-preview":"max-image-preview:large","max-video-preview":"max-video-preview:-1"},"canonical":"https:\/\/rosaya.ee\/en\/e-pood-looduskosmeetika-nahahooldus-juuksehooldus\/cosmetics-en\/natural-deodorant-rose-citrus-30ml\/","og_locale":"en_US","og_type":"article","og_title":"Natural Deodorant \"Rose & Citrus\" 30ml Aluminium free!","og_description":"We have made a natural deodorant for You with a nice soft creamy composition. The delicate cent of rose and citruses will stay with you all day long!","og_url":"https:\/\/rosaya.ee\/en\/e-pood-looduskosmeetika-nahahooldus-juuksehooldus\/cosmetics-en\/natural-deodorant-rose-citrus-30ml\/","og_site_name":"Rosaya","article_modified_time":"2024-04-09T09:52:05+00:00","og_image":[{"width":2111,"height":2111,"url":"https:\/\/rosaya.ee\/wp-content\/uploads\/2020\/12\/deodorant-mustal.jpg","type":"image\/jpeg"}],"twitter_card":"summary_large_image","twitter_misc":{"Est. reading time":"1 minute"},"schema":{"@context":"https:\/\/schema.org","@graph":[{"@type":"WebPage","@id":"https:\/\/rosaya.ee\/en\/e-pood-looduskosmeetika-nahahooldus-juuksehooldus\/cosmetics-en\/natural-deodorant-rose-citrus-30ml\/","url":"https:\/\/rosaya.ee\/en\/e-pood-looduskosmeetika-nahahooldus-juuksehooldus\/cosmetics-en\/natural-deodorant-rose-citrus-30ml\/","name":"Natural deodorant \"ROSE & CITRUS\" 30ml","isPartOf":{"@id":"https:\/\/rosaya.ee\/#website"},"primaryImageOfPage":{"@id":"https:\/\/rosaya.ee\/en\/e-pood-looduskosmeetika-nahahooldus-juuksehooldus\/cosmetics-en\/natural-deodorant-rose-citrus-30ml\/#primaryimage"},"image":{"@id":"https:\/\/rosaya.ee\/en\/e-pood-looduskosmeetika-nahahooldus-juuksehooldus\/cosmetics-en\/natural-deodorant-rose-citrus-30ml\/#primaryimage"},"thumbnailUrl":"https:\/\/i0.wp.com\/rosaya.ee\/wp-content\/uploads\/2020\/12\/rosaya-kreemdeodorant.png?fit=1024%2C1024&ssl=1","datePublished":"2020-12-07T10:13:23+00:00","dateModified":"2024-04-09T09:52:05+00:00","description":"We have made a natural deodorant for You with a nice soft creamy composition. The delicate cent of rose and citruses will stay with you all day long!","breadcrumb":{"@id":"https:\/\/rosaya.ee\/en\/e-pood-looduskosmeetika-nahahooldus-juuksehooldus\/cosmetics-en\/natural-deodorant-rose-citrus-30ml\/#breadcrumb"},"inLanguage":"en-US","potentialAction":[{"@type":"ReadAction","target":["https:\/\/rosaya.ee\/en\/e-pood-looduskosmeetika-nahahooldus-juuksehooldus\/cosmetics-en\/natural-deodorant-rose-citrus-30ml\/"]}]},{"@type":"ImageObject","inLanguage":"en-US","@id":"https:\/\/rosaya.ee\/en\/e-pood-looduskosmeetika-nahahooldus-juuksehooldus\/cosmetics-en\/natural-deodorant-rose-citrus-30ml\/#primaryimage","url":"https:\/\/i0.wp.com\/rosaya.ee\/wp-content\/uploads\/2020\/12\/rosaya-kreemdeodorant.png?fit=1024%2C1024&ssl=1","contentUrl":"https:\/\/i0.wp.com\/rosaya.ee\/wp-content\/uploads\/2020\/12\/rosaya-kreemdeodorant.png?fit=1024%2C1024&ssl=1","width":1024,"height":1024,"caption":"Looduslik deodorant Rose & Citrus 30ml-alumiiniumi vaba; Natural deodorant, aluminium free."},{"@type":"BreadcrumbList","@id":"https:\/\/rosaya.ee\/en\/e-pood-looduskosmeetika-nahahooldus-juuksehooldus\/cosmetics-en\/natural-deodorant-rose-citrus-30ml\/#breadcrumb","itemListElement":[{"@type":"ListItem","position":1,"name":"Home","item":"https:\/\/rosaya.ee\/en\/"},{"@type":"ListItem","position":2,"name":"Pood","item":"https:\/\/rosaya.ee\/"},{"@type":"ListItem","position":3,"name":"Natural deodorant &#8220;ROSE &#038; CITRUS&#8221; 30ml"}]},{"@type":"WebSite","@id":"https:\/\/rosaya.ee\/#website","url":"https:\/\/rosaya.ee\/","name":"Rosaya","description":"Roos hoolitseb Su ilu, hinge ja tervise eest!","publisher":{"@id":"https:\/\/rosaya.ee\/#organization"},"potentialAction":[{"@type":"SearchAction","target":{"@type":"EntryPoint","urlTemplate":"https:\/\/rosaya.ee\/?s={search_term_string}"},"query-input":{"@type":"PropertyValueSpecification","valueRequired":true,"valueName":"search_term_string"}}],"inLanguage":"en-US"},{"@type":"Organization","@id":"https:\/\/rosaya.ee\/#organization","name":"Rosaya","url":"https:\/\/rosaya.ee\/","logo":{"@type":"ImageObject","inLanguage":"en-US","@id":"https:\/\/rosaya.ee\/#\/schema\/logo\/image\/","url":"https:\/\/i0.wp.com\/rosaya.ee\/wp-content\/uploads\/2019\/12\/cropped-Roos_450px.png?fit=200%2C143&ssl=1","contentUrl":"https:\/\/i0.wp.com\/rosaya.ee\/wp-content\/uploads\/2019\/12\/cropped-Roos_450px.png?fit=200%2C143&ssl=1","width":200,"height":143,"caption":"Rosaya"},"image":{"@id":"https:\/\/rosaya.ee\/#\/schema\/logo\/image\/"}}]}},"jetpack-related-posts":[{"id":7597,"url":"https:\/\/rosaya.ee\/en\/e-pood-looduskosmeetika-nahahooldus-juuksehooldus\/komplektid-en\/gift-set-rosayas-princess\/","url_meta":{"origin":7575,"position":0},"title":"Gift set \u201cRosaya\u00b4s Princess\u201d","author":"Rosaya","date":"","format":false,"excerpt":"Gift set with Rosaya Organic Rose water, natural cream deodorant and make-up removal pads. Present yourself and your friend the special experience of being a princess. Here is everything needed for real beauty \u2013 skin cleanser, moisturiser, alleviation of rush and acne, a deodorant of good mood and super-feminine fragrance.\u2026","rel":"","context":"Similar post","block_context":{"text":"Similar post","link":""},"img":{"alt_text":"Kinkekomplekt- Orgaaniline Roosivesi- Looduslik deodorant- Meigieemalduspadjad; Gift set \"Rosaya\u00b4s Princess\" with organic rose water","src":"https:\/\/i0.wp.com\/rosaya.ee\/wp-content\/uploads\/2020\/12\/rosaya-Princess-komplekt.png?fit=1024%2C1024&ssl=1&resize=350%2C200","width":350,"height":200,"srcset":"https:\/\/i0.wp.com\/rosaya.ee\/wp-content\/uploads\/2020\/12\/rosaya-Princess-komplekt.png?fit=1024%2C1024&ssl=1&resize=350%2C200 1x, https:\/\/i0.wp.com\/rosaya.ee\/wp-content\/uploads\/2020\/12\/rosaya-Princess-komplekt.png?fit=1024%2C1024&ssl=1&resize=525%2C300 1.5x, https:\/\/i0.wp.com\/rosaya.ee\/wp-content\/uploads\/2020\/12\/rosaya-Princess-komplekt.png?fit=1024%2C1024&ssl=1&resize=700%2C400 2x"},"classes":[]},{"id":7657,"url":"https:\/\/rosaya.ee\/en\/e-pood-looduskosmeetika-nahahooldus-juuksehooldus\/komplektid-en\/gift-set-with-rose-oil-rosayas-queen-with-rose-oil\/","url_meta":{"origin":7575,"position":1},"title":"Gift set with rose oil \u201cRosaya\u00b4s Queen\u201d","author":"Rosaya","date":"","format":false,"excerpt":"A gift set for a special woman worthy of a real queen... Everything a real lady needs to keep and emphasize her natural beauty. Rose Damascena oil, in this set, is one of the most expensive and luxurious oils in the world. It has been used for centuries as an\u2026","rel":"","context":"Similar post","block_context":{"text":"Similar post","link":""},"img":{"alt_text":"Kinkekomplekt- Roosi\u00f5li-Roosivesi-looduslik deodorant; Gift set- Rose oil- Rose water- Natural deodorant","src":"https:\/\/i0.wp.com\/rosaya.ee\/wp-content\/uploads\/2020\/12\/Rosaya-Queen-kinkekomplekt.png?fit=1024%2C1024&ssl=1&resize=350%2C200","width":350,"height":200,"srcset":"https:\/\/i0.wp.com\/rosaya.ee\/wp-content\/uploads\/2020\/12\/Rosaya-Queen-kinkekomplekt.png?fit=1024%2C1024&ssl=1&resize=350%2C200 1x, https:\/\/i0.wp.com\/rosaya.ee\/wp-content\/uploads\/2020\/12\/Rosaya-Queen-kinkekomplekt.png?fit=1024%2C1024&ssl=1&resize=525%2C300 1.5x, https:\/\/i0.wp.com\/rosaya.ee\/wp-content\/uploads\/2020\/12\/Rosaya-Queen-kinkekomplekt.png?fit=1024%2C1024&ssl=1&resize=700%2C400 2x"},"classes":[]},{"id":8174,"url":"https:\/\/rosaya.ee\/en\/e-pood-looduskosmeetika-nahahooldus-juuksehooldus\/komplektid-en\/gift-set-rosayas-princess-special\/","url_meta":{"origin":7575,"position":2},"title":"Gift set \u201eRosaya\u00b4s Princess Special\u201c","author":"Rosaya","date":"","format":false,"excerpt":"Gift set for a loved one We engrave the name of your loved one, mother, girlfriend or beloved Princess on a bottle of rose water and you can be sure that she will never forget this special gift. This is a great gift idea because we all like to hear\u2026","rel":"","context":"Similar post","block_context":{"text":"Similar post","link":""},"img":{"alt_text":"Kinkekomplekt naisele","src":"https:\/\/i0.wp.com\/rosaya.ee\/wp-content\/uploads\/2021\/02\/sinu-nimi-valgel-1024.jpg?fit=1024%2C1024&ssl=1&resize=350%2C200","width":350,"height":200,"srcset":"https:\/\/i0.wp.com\/rosaya.ee\/wp-content\/uploads\/2021\/02\/sinu-nimi-valgel-1024.jpg?fit=1024%2C1024&ssl=1&resize=350%2C200 1x, https:\/\/i0.wp.com\/rosaya.ee\/wp-content\/uploads\/2021\/02\/sinu-nimi-valgel-1024.jpg?fit=1024%2C1024&ssl=1&resize=525%2C300 1.5x, https:\/\/i0.wp.com\/rosaya.ee\/wp-content\/uploads\/2021\/02\/sinu-nimi-valgel-1024.jpg?fit=1024%2C1024&ssl=1&resize=700%2C400 2x"},"classes":[]},{"id":7483,"url":"https:\/\/rosaya.ee\/e-pood-looduskosmeetika-nahahooldus-juuksehooldus\/cosmetics\/looduslik-kreemdeodorant\/looduslik-deodorant\/","url_meta":{"origin":7575,"position":3},"title":"Rosaya looduslik deodorant &#8220;ROSE &#038; CITRUS&#8221; 30 ml","author":"Rosaya","date":"","format":false,"excerpt":"Rosaya Orgaanilise Roosi\u00f5liga looduslik kreemdeodorant Rosaya geniaalne looduslik deodorant on alumiiniumivaba ning viib higil\u00f5hna terveks p\u00e4evaks, ilma Sinu tervist kahjustamata. Lisaks j\u00e4\u00e4vad kaenlaalused ilusad ja pehmed ning Sa hakkad end iga p\u00e4evaga aina ilusamana tundma. Sinu uus lemmik on t\u00f5eliselt naiseliku l\u00f5hnaga ja luksuslikus graveeritud alumiiniumkarbis. M\u00f5ju - Higil\u00f5hna neutraliseeriv\u2026","rel":"","context":"With 3 comments","block_context":{"text":"With 3 comments","link":"https:\/\/rosaya.ee\/e-pood-looduskosmeetika-nahahooldus-juuksehooldus\/cosmetics\/looduslik-kreemdeodorant\/looduslik-deodorant\/#comments"},"img":{"alt_text":"Looduslik kreemdeodorant \"Rose ja Citrus\"","src":"https:\/\/i0.wp.com\/rosaya.ee\/wp-content\/uploads\/2020\/12\/rosaya-kreemdeodorant.png?fit=1024%2C1024&ssl=1&resize=350%2C200","width":350,"height":200,"srcset":"https:\/\/i0.wp.com\/rosaya.ee\/wp-content\/uploads\/2020\/12\/rosaya-kreemdeodorant.png?fit=1024%2C1024&ssl=1&resize=350%2C200 1x, https:\/\/i0.wp.com\/rosaya.ee\/wp-content\/uploads\/2020\/12\/rosaya-kreemdeodorant.png?fit=1024%2C1024&ssl=1&resize=525%2C300 1.5x, https:\/\/i0.wp.com\/rosaya.ee\/wp-content\/uploads\/2020\/12\/rosaya-kreemdeodorant.png?fit=1024%2C1024&ssl=1&resize=700%2C400 2x"},"classes":[]},{"id":7650,"url":"https:\/\/rosaya.ee\/e-pood-looduskosmeetika-nahahooldus-juuksehooldus\/cosmetics\/roosioli\/kinkekomplekt-kaunile-daamile\/","url_meta":{"origin":7575,"position":4},"title":"Kinkekomplekt \u201cRosaya\u00b4s Queen\u201d","author":"Rosaya","date":"","format":false,"excerpt":"Kinkekomplekt \"Rosaya\u00b4s Queen\" T\u00f5eliselt eriline kingitus naisele, kes hindab ilu, kvaliteeti ja hetki iseendale. See hoolikalt valitud kinkekomplekt toob kokku Damaskuse roosi ajatu elegantsi ja luksusliku nahahoolduse, pakkudes igap\u00e4evasesse rutiini killukese hellitust ja naudingut. Komplektis sisalduv Rosa Damascena roosi\u00f5li on hinnatud oma harulduse ja peene aroomi poolest ning seda on\u2026","rel":"","context":"Similar post","block_context":{"text":"Similar post","link":""},"img":{"alt_text":"Kinkekomplekt- Roosi\u00f5li-Roosivesi-looduslik deodorant","src":"https:\/\/i0.wp.com\/rosaya.ee\/wp-content\/uploads\/2020\/12\/Rosaya-Queen-kinkekomplekt.png?fit=1024%2C1024&ssl=1&resize=350%2C200","width":350,"height":200,"srcset":"https:\/\/i0.wp.com\/rosaya.ee\/wp-content\/uploads\/2020\/12\/Rosaya-Queen-kinkekomplekt.png?fit=1024%2C1024&ssl=1&resize=350%2C200 1x, https:\/\/i0.wp.com\/rosaya.ee\/wp-content\/uploads\/2020\/12\/Rosaya-Queen-kinkekomplekt.png?fit=1024%2C1024&ssl=1&resize=525%2C300 1.5x, https:\/\/i0.wp.com\/rosaya.ee\/wp-content\/uploads\/2020\/12\/Rosaya-Queen-kinkekomplekt.png?fit=1024%2C1024&ssl=1&resize=700%2C400 2x"},"classes":[]},{"id":7584,"url":"https:\/\/rosaya.ee\/e-pood-looduskosmeetika-nahahooldus-juuksehooldus\/cosmetics\/looduslik-kreemdeodorant\/kinkekomplekt-orgaanilise-roosiveega\/","url_meta":{"origin":7575,"position":5},"title":"Kinkekomplekt \u201eRosaya\u00b4s Princess\u201c","author":"Rosaya","date":"","format":false,"excerpt":"V\u00f5rgutav kinkekomplekt Orgaanilise roosiveega \"Rosaya\u00b4s Princess\" Kingi endale ja s\u00f5brannale eriline, veidi printsessilik tunne. Siin on k\u00f5ik, mida vajad oma loomuliku ilu esiletoomiseks \u2013 naha puhastus, niisutus ja hooldus, v\u00e4rskem ja \u00fchtlasem jume ning \u00f5rnalt naiselik aroom, mis saadab Sind terve p\u00e4eva. Kinkekomplekt sisaldab: Alumiiniumivaba looduslik kreemdeodorant \"ROSE & CITRUS\"\u2026","rel":"","context":"Similar post","block_context":{"text":"Similar post","link":""},"img":{"alt_text":"Kinkekomplekt-Orgaanilise Roosiveega Looduslik deodorant- Meigieemalduspadjad","src":"https:\/\/i0.wp.com\/rosaya.ee\/wp-content\/uploads\/2020\/12\/rosaya-Princess-komplekt.png?fit=1024%2C1024&ssl=1&resize=350%2C200","width":350,"height":200,"srcset":"https:\/\/i0.wp.com\/rosaya.ee\/wp-content\/uploads\/2020\/12\/rosaya-Princess-komplekt.png?fit=1024%2C1024&ssl=1&resize=350%2C200 1x, https:\/\/i0.wp.com\/rosaya.ee\/wp-content\/uploads\/2020\/12\/rosaya-Princess-komplekt.png?fit=1024%2C1024&ssl=1&resize=525%2C300 1.5x, https:\/\/i0.wp.com\/rosaya.ee\/wp-content\/uploads\/2020\/12\/rosaya-Princess-komplekt.png?fit=1024%2C1024&ssl=1&resize=700%2C400 2x"},"classes":[]}],"jetpack_likes_enabled":true,"jetpack_sharing_enabled":true,"_links":{"self":[{"href":"https:\/\/rosaya.ee\/en\/wp-json\/wp\/v2\/product\/7575","targetHints":{"allow":["GET"]}}],"collection":[{"href":"https:\/\/rosaya.ee\/en\/wp-json\/wp\/v2\/product"}],"about":[{"href":"https:\/\/rosaya.ee\/en\/wp-json\/wp\/v2\/types\/product"}],"replies":[{"embeddable":true,"href":"https:\/\/rosaya.ee\/en\/wp-json\/wp\/v2\/comments?post=7575"}],"wp:featuredmedia":[{"embeddable":true,"href":"https:\/\/rosaya.ee\/en\/wp-json\/wp\/v2\/media\/7733"}],"wp:attachment":[{"href":"https:\/\/rosaya.ee\/en\/wp-json\/wp\/v2\/media?parent=7575"}],"wp:term":[{"taxonomy":"product_brand","embeddable":true,"href":"https:\/\/rosaya.ee\/en\/wp-json\/wp\/v2\/product_brand?post=7575"},{"taxonomy":"product_cat","embeddable":true,"href":"https:\/\/rosaya.ee\/en\/wp-json\/wp\/v2\/product_cat?post=7575"},{"taxonomy":"product_tag","embeddable":true,"href":"https:\/\/rosaya.ee\/en\/wp-json\/wp\/v2\/product_tag?post=7575"}],"curies":[{"name":"wp","href":"https:\/\/api.w.org\/{rel}","templated":true}]}}