{"id":7597,"date":"2020-12-08T16:46:20","date_gmt":"2020-12-08T14:46:20","guid":{"rendered":"https:\/\/rosaya.ee\/product\/kinkekomplekt-rosayas-princess\/"},"modified":"2022-12-15T23:22:12","modified_gmt":"2022-12-15T21:22:12","slug":"gift-set-rosayas-princess","status":"publish","type":"product","link":"https:\/\/rosaya.ee\/en\/e-pood-looduskosmeetika-nahahooldus-juuksehooldus\/komplektid-en\/gift-set-rosayas-princess\/","title":{"rendered":"Gift set \u201cRosaya\u00b4s Princess\u201d"},"content":{"rendered":"<h4 class=\"product_title entry-title\"><span style=\"color: #ff99cc;\">Rosaya natural cream deodorant &#8220;ROSE &amp; CITRUS&#8221; 30ml<\/span><\/h4>\n<p>The genuine natural aluminium-free Rosaya deodorant neutralises bacteria caused due to sweating without any harm to you. For the entire day.<\/p>\n<p>In addition, your armpits remain nice and soft and you start feeling yourself prettier by every day.<\/p>\n<p>Your new favourite has a genuinely female fragrance and is in a luxurious engraved aluminium box.<\/p>\n<ul>\n<li>Neutralises the sweating odours<\/li>\n<li>Moisturizing<\/li>\n<li>Chemical-free<\/li>\n<li>100% natural<\/li>\n<li>Vegan<\/li>\n<li>Reusable package<\/li>\n<li>With organic rose oil<\/li>\n<li>Invigorating and exhilarating fragrance<\/li>\n<\/ul>\n<h4><span style=\"color: #ff99cc;\"><strong>Fragrance<\/strong><\/span><\/h4>\n<p>Happily greeting shaking freshness of the citrus fades slowly into slightly spicy and softly sweet caresses, creating a fresh and fascinating rose garden decorated with morning dew drops.<\/p>\n<p>You are standing in the magic rose garden and feel the light warm breeze bring you the green sharpness of wild plants growing on the edge of the ditch and the ripe honey-like notes of orchards.<\/p>\n<p>The most unique shade of the fragrance is added to our natural deodorant by your body.<\/p>\n<p>This product complies well with Rosaya organic rose oil. The users say that this legendary rose oil is the best natural antidepressant, creates good mood and passion and intensifies pleasure. Many women have said that they receive more complements if they use Rosaya rose oil.<\/p>\n<p>Read more <span style=\"color: #ff99cc;\"><a style=\"color: #ff99cc;\" href=\"https:\/\/rosaya.ee\/en\/e-pood-looduskosmeetika-nahahooldus-juuksehooldus\/komplektid-en\/gift-set-rosayas-princess\/\">HERE<\/a><\/span><\/p>\n<h4><span style=\"color: #ff99cc;\"><strong>Organic Rose Water<\/strong>, 100 ml<\/span><\/h4>\n<p>The rose water rich in antioxidants, enhancing health and beauty, has been used for thousands of years and now we can offer it to you.<\/p>\n<p>Do you know why our rose water is better than any other? It is has practically no additives and preservatives in it. It is <span style=\"color: #ff99cc;\"><a style=\"color: #ff99cc;\" href=\"https:\/\/rosaya.ee\/en\/rose-water-the-whole-truth-about-real-rose-water\/\">REAL<\/a> <\/span>rose water not a diluted product resembling rose water. Super clean eco certificate and food certificate and 100% organic.<\/p>\n<h4><strong><span style=\"color: #ff99cc;\">Impact<\/span><\/strong><\/h4>\n<ul>\n<li>Slightly anti-inflammatory and antiseptic<\/li>\n<li>Calming, moisturising, improves the complexion<\/li>\n<li>Tightens the skin<\/li>\n<li>Decreases pores<\/li>\n<li>Enhances rejuvenation<\/li>\n<li>Restores the protective layer of skin and hair pH 5.3<\/li>\n<li>Calms the central nerve system<\/li>\n<li>Suits all skin types<\/li>\n<\/ul>\n<h4><strong><span style=\"color: #ff99cc;\">Indications<\/span><\/strong><\/h4>\n<ul>\n<li>Mimic wrinkles<\/li>\n<li>Acne<\/li>\n<li>Eczema<\/li>\n<li>Rosacea<\/li>\n<li>Rush, allergy<\/li>\n<li>Itching, redness<\/li>\n<li>Sunburns, frost bites<\/li>\n<li>Scratches, small wounds, scars<\/li>\n<li>Electric charge in hair<\/li>\n<li>Melancholy<\/li>\n<li>Stress, anxiety, tensions<\/li>\n<li>Depression<\/li>\n<\/ul>\n<h4><span style=\"color: #ff99cc;\"><strong>Usage<\/strong><\/span><\/h4>\n<p>Spray it directly on the face, body, hair, bed linen, in the air or bath water. Use like micellar water for makeup removal and face cleansing. Add in face and hair masks and in refreshing compresses to decrease swelling.<\/p>\n<p>Spray Rosaya natural rose water on hair instead of spray conditioner. It makes hair soft and silky and removes electric charge from hair. In rooms with central heating and in winter it is an irreplaceable companion.<\/p>\n<p>An unbreakable light bottle is a comfortable all in one product.<\/p>\n<p>Read more <span style=\"color: #ff99cc;\"><a style=\"color: #ff99cc;\" href=\"https:\/\/rosaya.ee\/e-pood-looduskosmeetika-nahahooldus-juuksehooldus\/cosmetics\/rosaya-roosivesi\/\">HERE<\/a><\/span><\/p>\n<p style=\"text-align: center;\"><span style=\"color: #000000;\"><a class=\"theme-generated-button button\" style=\"color: #000000;\" href=\"https:\/\/www.youtube.com\/watch?v=IoGAN_HdKTU&amp;t=6s&amp;ab_channel=RosayaYouTubeChannel\">Watch a small drone video of a 100-year-old distillery where our Rose Water is made<\/a><\/span><\/p>\n<h4 class=\"product_title entry-title\"><span style=\"color: #ff99cc;\">Reusable makeup remover pads<\/span><\/h4>\n<p>A pleasant and efficient alternative to cotton pads for you! With our reusable face cleansing pads you can save up to 49 EUR per year! In addition, they enable to decrease production and over-consumption. Make your beauty routine more environment-friendly!<\/p>\n<p>Rosaya soft pads are for<\/p>\n<p>\u2013 gently peeling and massaging the skin<\/p>\n<p>\u2013 makeup removal<\/p>\n<p>\u2013 cleansing the face<\/p>\n<p>\u2013 multiple use<\/p>\n<p>\u2013 skin-friendly<\/p>\n<p>\u2013 produced of fabric residues<\/p>\n<p>\u2013 100% organic cotton<\/p>\n<h4><strong><span style=\"color: #ff99cc;\">Usage<\/span><\/strong><\/h4>\n<p><strong>Variant 1<\/strong>: massage the face cleansing oil or milk on the face and in the cleavage area. Make the face cleansing pad wet in warm water, squeeze a little bit and gently wipe your face, neck and cleavage area.<\/p>\n<p><strong>Variant 2<\/strong>: use our rose water or micellar water on our makeup remover pad. First wipe with one side then with the other side. Use two pads in case of more substantial makeup.<\/p>\n<p><strong>Variant 3<\/strong>: Rosaya makeup remover pads can be used also for removing the eye makeup and for facial and body treatment procedures.<\/p>\n<p>Read more <span style=\"color: #ff99cc;\"><a style=\"color: #ff99cc;\" href=\"https:\/\/rosaya.ee\/en\/product\/reusable-makeup-remover-pads\/\">HERE<\/a><\/span><\/p>\n<h4 style=\"text-align: center;\"><span style=\"color: #ff99cc;\"><strong>Enjoy pleasant usage!<\/strong><\/span><\/h4>\n","protected":false},"excerpt":{"rendered":"<h4><span style=\"color: #ff99cc;\">Gift set with Rosaya Organic Rose water, natural cream deodorant and make-up removal pads.<\/span><\/h4>\n<p>Present yourself and your friend the special experience of being a princess. Here is everything needed for real beauty \u2013 skin cleanser, moisturiser, alleviation of rush and acne, a deodorant of good mood and super-feminine fragrance.<\/p>\n<ul>\n<li>\u00a0Cream deodorant ROSE &amp; CITRUS 30 ml &#8211; Aluminium-free<\/li>\n<li>100% ORGANIC ROSE WATER- Very clean, additive-free, preservative-free,<\/li>\n<li>MAKEUP REMOVER PADS- Reusable massaging and peeling<\/li>\n<li>Products are suitable also for vegans and for sensitive skin<\/li>\n<\/ul>\n<p>It is a perfect gift. Rose water can be purchased later in an affordable refilling bottle and the box of the cream deodorant can be used for storing jewellery.<\/p>\n<p>Rose scent is exhilarating and improves your mood even if you do not care for roses. In aromatherapy rose has legendary treating qualities, creating high spirits and curing innumerable ailments.<\/p>\n<p>Read about these fascinating products in more detail&#8230;<\/p>\n","protected":false},"featured_media":7712,"comment_status":"open","ping_status":"closed","template":"","meta":{"_seopress_robots_primary_cat":"none","_seopress_titles_title":"","_seopress_titles_desc":"","_seopress_robots_index":"","_monsterinsights_skip_tracking":false,"_monsterinsights_sitenote_active":false,"_monsterinsights_sitenote_note":"","_monsterinsights_sitenote_category":0},"product_brand":[],"product_cat":[140,210,123],"product_tag":[211],"class_list":{"0":"post-7597","1":"product","2":"type-product","3":"status-publish","4":"has-post-thumbnail","6":"product_cat-cosmetics-en","7":"product_cat-kingitus-en","8":"product_cat-komplektid-en","9":"product_tag-kingitus-en-2","11":"first","12":"instock","13":"sale","14":"purchasable","15":"product-type-simple"},"acf":[],"yoast_head":"<!-- This site is optimized with the Yoast SEO plugin v26.8 - https:\/\/yoast.com\/product\/yoast-seo-wordpress\/ -->\n<title>Seductive gift set with organic rose water &quot;Rosaya\u00b4s Princess&quot;<\/title>\n<meta name=\"description\" content=\"Gift set &quot;Rosaya\u00b4s Princess&quot; with organic rose water. Present yourself and your friend the special experience of being a princess.\" \/>\n<meta name=\"robots\" content=\"index, follow, max-snippet:-1, max-image-preview:large, max-video-preview:-1\" \/>\n<link rel=\"canonical\" href=\"https:\/\/rosaya.ee\/en\/e-pood-looduskosmeetika-nahahooldus-juuksehooldus\/komplektid-en\/gift-set-rosayas-princess\/\" \/>\n<meta property=\"og:locale\" content=\"en_US\" \/>\n<meta property=\"og:type\" content=\"article\" \/>\n<meta property=\"og:title\" content=\"Seductive gift set with organic rose water &quot;Rosaya\u00b4s Princess&quot;\" \/>\n<meta property=\"og:description\" content=\"Gift set &quot;Rosaya\u00b4s Princess&quot; with organic rose water. Present yourself and your friend the special experience of being a princess.\" \/>\n<meta property=\"og:url\" content=\"https:\/\/rosaya.ee\/en\/e-pood-looduskosmeetika-nahahooldus-juuksehooldus\/komplektid-en\/gift-set-rosayas-princess\/\" \/>\n<meta property=\"og:site_name\" content=\"Rosaya\" \/>\n<meta property=\"article:modified_time\" content=\"2022-12-15T21:22:12+00:00\" \/>\n<meta property=\"og:image\" content=\"https:\/\/rosaya.ee\/wp-content\/uploads\/2020\/12\/rosaya-Princess-komplekt.png\" \/>\n<meta name=\"twitter:card\" content=\"summary_large_image\" \/>\n<meta name=\"twitter:label1\" content=\"Est. reading time\" \/>\n\t<meta name=\"twitter:data1\" content=\"3 minutes\" \/>\n<script type=\"application\/ld+json\" class=\"yoast-schema-graph\">{\"@context\":\"https:\/\/schema.org\",\"@graph\":[{\"@type\":\"WebPage\",\"@id\":\"https:\/\/rosaya.ee\/en\/e-pood-looduskosmeetika-nahahooldus-juuksehooldus\/komplektid-en\/gift-set-rosayas-princess\/\",\"url\":\"https:\/\/rosaya.ee\/en\/e-pood-looduskosmeetika-nahahooldus-juuksehooldus\/komplektid-en\/gift-set-rosayas-princess\/\",\"name\":\"Seductive gift set with organic rose water \\\"Rosaya\u00b4s Princess\\\"\",\"isPartOf\":{\"@id\":\"https:\/\/rosaya.ee\/#website\"},\"primaryImageOfPage\":{\"@id\":\"https:\/\/rosaya.ee\/en\/e-pood-looduskosmeetika-nahahooldus-juuksehooldus\/komplektid-en\/gift-set-rosayas-princess\/#primaryimage\"},\"image\":{\"@id\":\"https:\/\/rosaya.ee\/en\/e-pood-looduskosmeetika-nahahooldus-juuksehooldus\/komplektid-en\/gift-set-rosayas-princess\/#primaryimage\"},\"thumbnailUrl\":\"https:\/\/i0.wp.com\/rosaya.ee\/wp-content\/uploads\/2020\/12\/rosaya-Princess-komplekt.png?fit=1024%2C1024&ssl=1\",\"datePublished\":\"2020-12-08T14:46:20+00:00\",\"dateModified\":\"2022-12-15T21:22:12+00:00\",\"description\":\"Gift set \\\"Rosaya\u00b4s Princess\\\" with organic rose water. Present yourself and your friend the special experience of being a princess.\",\"breadcrumb\":{\"@id\":\"https:\/\/rosaya.ee\/en\/e-pood-looduskosmeetika-nahahooldus-juuksehooldus\/komplektid-en\/gift-set-rosayas-princess\/#breadcrumb\"},\"inLanguage\":\"en-US\",\"potentialAction\":[{\"@type\":\"ReadAction\",\"target\":[\"https:\/\/rosaya.ee\/en\/e-pood-looduskosmeetika-nahahooldus-juuksehooldus\/komplektid-en\/gift-set-rosayas-princess\/\"]}]},{\"@type\":\"ImageObject\",\"inLanguage\":\"en-US\",\"@id\":\"https:\/\/rosaya.ee\/en\/e-pood-looduskosmeetika-nahahooldus-juuksehooldus\/komplektid-en\/gift-set-rosayas-princess\/#primaryimage\",\"url\":\"https:\/\/i0.wp.com\/rosaya.ee\/wp-content\/uploads\/2020\/12\/rosaya-Princess-komplekt.png?fit=1024%2C1024&ssl=1\",\"contentUrl\":\"https:\/\/i0.wp.com\/rosaya.ee\/wp-content\/uploads\/2020\/12\/rosaya-Princess-komplekt.png?fit=1024%2C1024&ssl=1\",\"width\":1024,\"height\":1024,\"caption\":\"Kinkekomplekt- Orgaaniline Roosivesi- Looduslik deodorant- Meigieemalduspadjad; Gift set \\\"Rosaya\u00b4s Princess\\\" with organic rose water\"},{\"@type\":\"BreadcrumbList\",\"@id\":\"https:\/\/rosaya.ee\/en\/e-pood-looduskosmeetika-nahahooldus-juuksehooldus\/komplektid-en\/gift-set-rosayas-princess\/#breadcrumb\",\"itemListElement\":[{\"@type\":\"ListItem\",\"position\":1,\"name\":\"Home\",\"item\":\"https:\/\/rosaya.ee\/en\/\"},{\"@type\":\"ListItem\",\"position\":2,\"name\":\"Pood\",\"item\":\"https:\/\/rosaya.ee\/\"},{\"@type\":\"ListItem\",\"position\":3,\"name\":\"Gift set \u201cRosaya\u00b4s Princess\u201d\"}]},{\"@type\":\"WebSite\",\"@id\":\"https:\/\/rosaya.ee\/#website\",\"url\":\"https:\/\/rosaya.ee\/\",\"name\":\"Rosaya\",\"description\":\"Roos hoolitseb Su ilu, hinge ja tervise eest!\",\"publisher\":{\"@id\":\"https:\/\/rosaya.ee\/#organization\"},\"potentialAction\":[{\"@type\":\"SearchAction\",\"target\":{\"@type\":\"EntryPoint\",\"urlTemplate\":\"https:\/\/rosaya.ee\/?s={search_term_string}\"},\"query-input\":{\"@type\":\"PropertyValueSpecification\",\"valueRequired\":true,\"valueName\":\"search_term_string\"}}],\"inLanguage\":\"en-US\"},{\"@type\":\"Organization\",\"@id\":\"https:\/\/rosaya.ee\/#organization\",\"name\":\"Rosaya\",\"url\":\"https:\/\/rosaya.ee\/\",\"logo\":{\"@type\":\"ImageObject\",\"inLanguage\":\"en-US\",\"@id\":\"https:\/\/rosaya.ee\/#\/schema\/logo\/image\/\",\"url\":\"https:\/\/i0.wp.com\/rosaya.ee\/wp-content\/uploads\/2019\/12\/cropped-Roos_450px.png?fit=200%2C143&ssl=1\",\"contentUrl\":\"https:\/\/i0.wp.com\/rosaya.ee\/wp-content\/uploads\/2019\/12\/cropped-Roos_450px.png?fit=200%2C143&ssl=1\",\"width\":200,\"height\":143,\"caption\":\"Rosaya\"},\"image\":{\"@id\":\"https:\/\/rosaya.ee\/#\/schema\/logo\/image\/\"}}]}<\/script>\n<!-- \/ Yoast SEO plugin. -->","yoast_head_json":{"title":"Seductive gift set with organic rose water \"Rosaya\u00b4s Princess\"","description":"Gift set \"Rosaya\u00b4s Princess\" with organic rose water. Present yourself and your friend the special experience of being a princess.","robots":{"index":"index","follow":"follow","max-snippet":"max-snippet:-1","max-image-preview":"max-image-preview:large","max-video-preview":"max-video-preview:-1"},"canonical":"https:\/\/rosaya.ee\/en\/e-pood-looduskosmeetika-nahahooldus-juuksehooldus\/komplektid-en\/gift-set-rosayas-princess\/","og_locale":"en_US","og_type":"article","og_title":"Seductive gift set with organic rose water \"Rosaya\u00b4s Princess\"","og_description":"Gift set \"Rosaya\u00b4s Princess\" with organic rose water. Present yourself and your friend the special experience of being a princess.","og_url":"https:\/\/rosaya.ee\/en\/e-pood-looduskosmeetika-nahahooldus-juuksehooldus\/komplektid-en\/gift-set-rosayas-princess\/","og_site_name":"Rosaya","article_modified_time":"2022-12-15T21:22:12+00:00","og_image":[{"url":"https:\/\/rosaya.ee\/wp-content\/uploads\/2020\/12\/rosaya-Princess-komplekt.png","type":"","width":"","height":""}],"twitter_card":"summary_large_image","twitter_misc":{"Est. reading time":"3 minutes"},"schema":{"@context":"https:\/\/schema.org","@graph":[{"@type":"WebPage","@id":"https:\/\/rosaya.ee\/en\/e-pood-looduskosmeetika-nahahooldus-juuksehooldus\/komplektid-en\/gift-set-rosayas-princess\/","url":"https:\/\/rosaya.ee\/en\/e-pood-looduskosmeetika-nahahooldus-juuksehooldus\/komplektid-en\/gift-set-rosayas-princess\/","name":"Seductive gift set with organic rose water \"Rosaya\u00b4s Princess\"","isPartOf":{"@id":"https:\/\/rosaya.ee\/#website"},"primaryImageOfPage":{"@id":"https:\/\/rosaya.ee\/en\/e-pood-looduskosmeetika-nahahooldus-juuksehooldus\/komplektid-en\/gift-set-rosayas-princess\/#primaryimage"},"image":{"@id":"https:\/\/rosaya.ee\/en\/e-pood-looduskosmeetika-nahahooldus-juuksehooldus\/komplektid-en\/gift-set-rosayas-princess\/#primaryimage"},"thumbnailUrl":"https:\/\/i0.wp.com\/rosaya.ee\/wp-content\/uploads\/2020\/12\/rosaya-Princess-komplekt.png?fit=1024%2C1024&ssl=1","datePublished":"2020-12-08T14:46:20+00:00","dateModified":"2022-12-15T21:22:12+00:00","description":"Gift set \"Rosaya\u00b4s Princess\" with organic rose water. Present yourself and your friend the special experience of being a princess.","breadcrumb":{"@id":"https:\/\/rosaya.ee\/en\/e-pood-looduskosmeetika-nahahooldus-juuksehooldus\/komplektid-en\/gift-set-rosayas-princess\/#breadcrumb"},"inLanguage":"en-US","potentialAction":[{"@type":"ReadAction","target":["https:\/\/rosaya.ee\/en\/e-pood-looduskosmeetika-nahahooldus-juuksehooldus\/komplektid-en\/gift-set-rosayas-princess\/"]}]},{"@type":"ImageObject","inLanguage":"en-US","@id":"https:\/\/rosaya.ee\/en\/e-pood-looduskosmeetika-nahahooldus-juuksehooldus\/komplektid-en\/gift-set-rosayas-princess\/#primaryimage","url":"https:\/\/i0.wp.com\/rosaya.ee\/wp-content\/uploads\/2020\/12\/rosaya-Princess-komplekt.png?fit=1024%2C1024&ssl=1","contentUrl":"https:\/\/i0.wp.com\/rosaya.ee\/wp-content\/uploads\/2020\/12\/rosaya-Princess-komplekt.png?fit=1024%2C1024&ssl=1","width":1024,"height":1024,"caption":"Kinkekomplekt- Orgaaniline Roosivesi- Looduslik deodorant- Meigieemalduspadjad; Gift set \"Rosaya\u00b4s Princess\" with organic rose water"},{"@type":"BreadcrumbList","@id":"https:\/\/rosaya.ee\/en\/e-pood-looduskosmeetika-nahahooldus-juuksehooldus\/komplektid-en\/gift-set-rosayas-princess\/#breadcrumb","itemListElement":[{"@type":"ListItem","position":1,"name":"Home","item":"https:\/\/rosaya.ee\/en\/"},{"@type":"ListItem","position":2,"name":"Pood","item":"https:\/\/rosaya.ee\/"},{"@type":"ListItem","position":3,"name":"Gift set \u201cRosaya\u00b4s Princess\u201d"}]},{"@type":"WebSite","@id":"https:\/\/rosaya.ee\/#website","url":"https:\/\/rosaya.ee\/","name":"Rosaya","description":"Roos hoolitseb Su ilu, hinge ja tervise eest!","publisher":{"@id":"https:\/\/rosaya.ee\/#organization"},"potentialAction":[{"@type":"SearchAction","target":{"@type":"EntryPoint","urlTemplate":"https:\/\/rosaya.ee\/?s={search_term_string}"},"query-input":{"@type":"PropertyValueSpecification","valueRequired":true,"valueName":"search_term_string"}}],"inLanguage":"en-US"},{"@type":"Organization","@id":"https:\/\/rosaya.ee\/#organization","name":"Rosaya","url":"https:\/\/rosaya.ee\/","logo":{"@type":"ImageObject","inLanguage":"en-US","@id":"https:\/\/rosaya.ee\/#\/schema\/logo\/image\/","url":"https:\/\/i0.wp.com\/rosaya.ee\/wp-content\/uploads\/2019\/12\/cropped-Roos_450px.png?fit=200%2C143&ssl=1","contentUrl":"https:\/\/i0.wp.com\/rosaya.ee\/wp-content\/uploads\/2019\/12\/cropped-Roos_450px.png?fit=200%2C143&ssl=1","width":200,"height":143,"caption":"Rosaya"},"image":{"@id":"https:\/\/rosaya.ee\/#\/schema\/logo\/image\/"}}]}},"jetpack-related-posts":[{"id":7575,"url":"https:\/\/rosaya.ee\/en\/e-pood-looduskosmeetika-nahahooldus-juuksehooldus\/cosmetics-en\/natural-deodorant-rose-citrus-30ml\/","url_meta":{"origin":7597,"position":0},"title":"Natural deodorant &#8220;ROSE &#038; CITRUS&#8221; 30ml","author":"Rosaya","date":"","format":false,"excerpt":"Rosaya Natural Creamdeodorant\u00a0 \u00a0 The genuine natural aluminium-free Rosaya deodorant neutralises bacteria caused due to sweating without any harm to you. For the entire day. In addition, your armpits remain nice and soft and you start feeling yourself prettier by every day. Your new favourite has a genuinely female fragrance\u2026","rel":"","context":"Similar post","block_context":{"text":"Similar post","link":""},"img":{"alt_text":"Looduslik deodorant Rose & Citrus 30ml-alumiiniumi vaba; Natural deodorant, aluminium free.","src":"https:\/\/i0.wp.com\/rosaya.ee\/wp-content\/uploads\/2020\/12\/rosaya-kreemdeodorant.png?fit=1024%2C1024&ssl=1&resize=350%2C200","width":350,"height":200,"srcset":"https:\/\/i0.wp.com\/rosaya.ee\/wp-content\/uploads\/2020\/12\/rosaya-kreemdeodorant.png?fit=1024%2C1024&ssl=1&resize=350%2C200 1x, https:\/\/i0.wp.com\/rosaya.ee\/wp-content\/uploads\/2020\/12\/rosaya-kreemdeodorant.png?fit=1024%2C1024&ssl=1&resize=525%2C300 1.5x, https:\/\/i0.wp.com\/rosaya.ee\/wp-content\/uploads\/2020\/12\/rosaya-kreemdeodorant.png?fit=1024%2C1024&ssl=1&resize=700%2C400 2x"},"classes":[]},{"id":8174,"url":"https:\/\/rosaya.ee\/en\/e-pood-looduskosmeetika-nahahooldus-juuksehooldus\/komplektid-en\/gift-set-rosayas-princess-special\/","url_meta":{"origin":7597,"position":1},"title":"Gift set \u201eRosaya\u00b4s Princess Special\u201c","author":"Rosaya","date":"","format":false,"excerpt":"Gift set for a loved one We engrave the name of your loved one, mother, girlfriend or beloved Princess on a bottle of rose water and you can be sure that she will never forget this special gift. This is a great gift idea because we all like to hear\u2026","rel":"","context":"Similar post","block_context":{"text":"Similar post","link":""},"img":{"alt_text":"Kinkekomplekt naisele","src":"https:\/\/i0.wp.com\/rosaya.ee\/wp-content\/uploads\/2021\/02\/sinu-nimi-valgel-1024.jpg?fit=1024%2C1024&ssl=1&resize=350%2C200","width":350,"height":200,"srcset":"https:\/\/i0.wp.com\/rosaya.ee\/wp-content\/uploads\/2021\/02\/sinu-nimi-valgel-1024.jpg?fit=1024%2C1024&ssl=1&resize=350%2C200 1x, https:\/\/i0.wp.com\/rosaya.ee\/wp-content\/uploads\/2021\/02\/sinu-nimi-valgel-1024.jpg?fit=1024%2C1024&ssl=1&resize=525%2C300 1.5x, https:\/\/i0.wp.com\/rosaya.ee\/wp-content\/uploads\/2021\/02\/sinu-nimi-valgel-1024.jpg?fit=1024%2C1024&ssl=1&resize=700%2C400 2x"},"classes":[]},{"id":7483,"url":"https:\/\/rosaya.ee\/e-pood-looduskosmeetika-nahahooldus-juuksehooldus\/cosmetics\/looduslik-kreemdeodorant\/looduslik-deodorant\/","url_meta":{"origin":7597,"position":2},"title":"Rosaya looduslik deodorant &#8220;ROSE &#038; CITRUS&#8221; 30 ml","author":"Rosaya","date":"","format":false,"excerpt":"Rosaya Orgaanilise Roosi\u00f5liga looduslik kreemdeodorant Rosaya geniaalne looduslik deodorant on alumiiniumivaba ning viib higil\u00f5hna terveks p\u00e4evaks, ilma Sinu tervist kahjustamata. Lisaks j\u00e4\u00e4vad kaenlaalused ilusad ja pehmed ning Sa hakkad end iga p\u00e4evaga aina ilusamana tundma. Sinu uus lemmik on t\u00f5eliselt naiseliku l\u00f5hnaga ja luksuslikus graveeritud alumiiniumkarbis. M\u00f5ju - Higil\u00f5hna neutraliseeriv\u2026","rel":"","context":"With 3 comments","block_context":{"text":"With 3 comments","link":"https:\/\/rosaya.ee\/e-pood-looduskosmeetika-nahahooldus-juuksehooldus\/cosmetics\/looduslik-kreemdeodorant\/looduslik-deodorant\/#comments"},"img":{"alt_text":"Looduslik kreemdeodorant \"Rose ja Citrus\"","src":"https:\/\/i0.wp.com\/rosaya.ee\/wp-content\/uploads\/2020\/12\/rosaya-kreemdeodorant.png?fit=1024%2C1024&ssl=1&resize=350%2C200","width":350,"height":200,"srcset":"https:\/\/i0.wp.com\/rosaya.ee\/wp-content\/uploads\/2020\/12\/rosaya-kreemdeodorant.png?fit=1024%2C1024&ssl=1&resize=350%2C200 1x, https:\/\/i0.wp.com\/rosaya.ee\/wp-content\/uploads\/2020\/12\/rosaya-kreemdeodorant.png?fit=1024%2C1024&ssl=1&resize=525%2C300 1.5x, https:\/\/i0.wp.com\/rosaya.ee\/wp-content\/uploads\/2020\/12\/rosaya-kreemdeodorant.png?fit=1024%2C1024&ssl=1&resize=700%2C400 2x"},"classes":[]},{"id":7955,"url":"https:\/\/rosaya.ee\/en\/e-pood-looduskosmeetika-nahahooldus-juuksehooldus\/cosmetics-en\/gift-organic-rose-water-special\/","url_meta":{"origin":7597,"position":3},"title":"Organic Rose water Special 100 ml","author":"Rosaya","date":"","format":false,"excerpt":"Gift for a loved one\u2026 We engrave the name of your loved one, mother, girlfriend or beloved Princess on a bottle of rose water and you can be sure that she will never forget this special gift. This is a great gift idea because we all like to hear your\u2026","rel":"","context":"Similar post","block_context":{"text":"Similar post","link":""},"img":{"alt_text":"Rosaya Orgaaniline roosivesi Sinu Nimi- A&S ja Buduaar Ilulemmik2022","src":"https:\/\/i0.wp.com\/rosaya.ee\/wp-content\/uploads\/2021\/01\/Rosaya-Orgaaniline-roosivesi-Sinu-Nimi-AS-ja-Buduaar-Ilulemmik2022.jpg?fit=1024%2C1024&ssl=1&resize=350%2C200","width":350,"height":200,"srcset":"https:\/\/i0.wp.com\/rosaya.ee\/wp-content\/uploads\/2021\/01\/Rosaya-Orgaaniline-roosivesi-Sinu-Nimi-AS-ja-Buduaar-Ilulemmik2022.jpg?fit=1024%2C1024&ssl=1&resize=350%2C200 1x, https:\/\/i0.wp.com\/rosaya.ee\/wp-content\/uploads\/2021\/01\/Rosaya-Orgaaniline-roosivesi-Sinu-Nimi-AS-ja-Buduaar-Ilulemmik2022.jpg?fit=1024%2C1024&ssl=1&resize=525%2C300 1.5x, https:\/\/i0.wp.com\/rosaya.ee\/wp-content\/uploads\/2021\/01\/Rosaya-Orgaaniline-roosivesi-Sinu-Nimi-AS-ja-Buduaar-Ilulemmik2022.jpg?fit=1024%2C1024&ssl=1&resize=700%2C400 2x"},"classes":[]},{"id":7640,"url":"https:\/\/rosaya.ee\/en\/e-pood-looduskosmeetika-nahahooldus-juuksehooldus\/komplektid-en\/make-up-removal-kit-little-princess\/","url_meta":{"origin":7597,"position":4},"title":"Gift set &#8220;Little Princess&#8221;","author":"Rosaya","date":"","format":false,"excerpt":"Make-up removal or skin care set... Rosaya\u2019s basic skin care set is a worthy gift for yourself and your girlfriend. Suitable for a pleasant face and eyes\u2019 makeup removal. Ideal light refresher for skin, hair and computer tired eyes. Once you buy the basic kit, all you need in the\u2026","rel":"","context":"Similar post","block_context":{"text":"Similar post","link":""},"img":{"alt_text":"Rosaya Meigieemaldus komplekt;Make-up removal kit \"Little Princess\"","src":"https:\/\/i0.wp.com\/rosaya.ee\/wp-content\/uploads\/2020\/12\/rosaya-kinkekomplekt-Little-Princess.png?fit=1024%2C1024&ssl=1&resize=350%2C200","width":350,"height":200,"srcset":"https:\/\/i0.wp.com\/rosaya.ee\/wp-content\/uploads\/2020\/12\/rosaya-kinkekomplekt-Little-Princess.png?fit=1024%2C1024&ssl=1&resize=350%2C200 1x, https:\/\/i0.wp.com\/rosaya.ee\/wp-content\/uploads\/2020\/12\/rosaya-kinkekomplekt-Little-Princess.png?fit=1024%2C1024&ssl=1&resize=525%2C300 1.5x, https:\/\/i0.wp.com\/rosaya.ee\/wp-content\/uploads\/2020\/12\/rosaya-kinkekomplekt-Little-Princess.png?fit=1024%2C1024&ssl=1&resize=700%2C400 2x"},"classes":[]}],"jetpack_likes_enabled":true,"jetpack_sharing_enabled":true,"_links":{"self":[{"href":"https:\/\/rosaya.ee\/en\/wp-json\/wp\/v2\/product\/7597","targetHints":{"allow":["GET"]}}],"collection":[{"href":"https:\/\/rosaya.ee\/en\/wp-json\/wp\/v2\/product"}],"about":[{"href":"https:\/\/rosaya.ee\/en\/wp-json\/wp\/v2\/types\/product"}],"replies":[{"embeddable":true,"href":"https:\/\/rosaya.ee\/en\/wp-json\/wp\/v2\/comments?post=7597"}],"wp:featuredmedia":[{"embeddable":true,"href":"https:\/\/rosaya.ee\/en\/wp-json\/wp\/v2\/media\/7712"}],"wp:attachment":[{"href":"https:\/\/rosaya.ee\/en\/wp-json\/wp\/v2\/media?parent=7597"}],"wp:term":[{"taxonomy":"product_brand","embeddable":true,"href":"https:\/\/rosaya.ee\/en\/wp-json\/wp\/v2\/product_brand?post=7597"},{"taxonomy":"product_cat","embeddable":true,"href":"https:\/\/rosaya.ee\/en\/wp-json\/wp\/v2\/product_cat?post=7597"},{"taxonomy":"product_tag","embeddable":true,"href":"https:\/\/rosaya.ee\/en\/wp-json\/wp\/v2\/product_tag?post=7597"}],"curies":[{"name":"wp","href":"https:\/\/api.w.org\/{rel}","templated":true}]}}